{"id":270,"date":"2025-07-02T10:37:17","date_gmt":"2025-07-02T10:37:17","guid":{"rendered":"https:\/\/villa-toscane.ms2.decms.eu\/conditions-de-vente\/"},"modified":"2025-10-02T13:10:22","modified_gmt":"2025-10-02T13:10:22","slug":"geschaeftsbedingungen","status":"publish","type":"page","link":"https:\/\/www.villatoscane.ch\/de\/geschaeftsbedingungen\/","title":{"rendered":"Gesch\u00e4ftsbedingungen"},"content":{"rendered":"<p>Wir bedanken uns f\u00fcr Ihr Vertrauen in das Villa Toscane !<\/p>\n<p>Nachfolgend m\u00f6chten wir Sie auf unsere Allgemeinen Gesch\u00e4ftsbedingungen aufmerksam machen:<\/p>\n<p><strong>1. Stornierung &amp; \u00c4nderung :<\/strong><\/p>\n<p>Eine kostenlose Stornierung des Aufenthalts ist bis zu 48 Stunden vor dem Anreisedatum m\u00f6glich (ausgenommen nicht erstattungsf\u00e4hige Tarife).<\/p>\n<p>Bei einer \u00c4nderung der Aufenthaltsdauer gelten die zum Zeitpunkt der \u00c4nderung g\u00fcltigen Verkaufsbedingungen (Tarif, Mindest- oder H\u00f6chstanzahl an zu buchenden N\u00e4chten).<\/p>\n<p>Im Falle einer versp\u00e4teten Stornierung, eines Nicht-Erscheinens oder einer vorzeitigen Abreise wird eine Geb\u00fchr in H\u00f6he des gesamten Aufenthalts Ihrer Kreditkarte belastet.<\/p>\n<p><strong>2.\u00a0Zuschl\u00e4ge, in CHF &amp; inklusive Steue:<\/strong><\/p>\n<p>&#8211; &#8222;Amerikanisches&#8220; Fr\u00fchst\u00fccksbuffet f\u00fcr 30 CHF pro Person und Tag oder Fr\u00fchst\u00fccksbuffet &#8222;Express&#8220; f\u00fcr 15 CHF pro Person &amp; Tag (falls nicht bereits im Preis enthalten)<\/p>\n<p>&#8211; &#8222;Express&#8220; Fr\u00fchst\u00fccksbuffet f\u00fcr CHF 8 pro Kind (zwischen 6 und 11 Jahren, bis 5 Jahre gratis) und Tag oder Fr\u00fchst\u00fccksbuffet &#8222;Amerikanisch&#8220; f\u00fcr CHF 15 pro Kind (zwischen 6 und 11 Jahren, bis 5 Jahre gratis) und pro Tag im Hotel Royal Plaza Montreux (falls nicht im Preis inbegriffen, je nach Verf\u00fcgbarkeit)<\/p>\n<p>&#8211; Aufenthaltstaxe: CHF 6 pro Person &amp; Tag.<\/p>\n<p>&#8211;\u00a0Parkplatz (innen &amp; au\u00dfen, falls nicht bereits im Preis enthalten) f\u00fcr 25 CHF pro Tag (40 CHF pro Tag w\u00e4hrend des Montreux Jazz Festivals)<\/p>\n<p>&#8211; Haustiere f\u00fcr 29 CHF pro Tag bis 10 kg (gr\u00f6sser f\u00fcr 49 CHF pro Tag)<\/p>\n<p><strong>3.\u00a0Ankunft &amp; Abfahrt:<\/strong><\/p>\n<p>&#8211; Der Welcome-Desk und alle Einrichtungen befinden sich im Schwesterhotel Royal Plaza Montreux 5 * \u2013 direkt gegen\u00fcber der Stra\u00dfe..<\/p>\n<p>&#8211;\u00a0Der Check-in ist ab 15 Uhr &amp; der Check-out is um 12 Uhr (sofern in der Buchung nicht anders angegeben).<\/p>\n<p>&#8211; Die Zimmer stehen ab 15 Uhr am Anreisetag zur Verf\u00fcgung; die Abreise muss bis sp\u00e4testens 12 Uhr erfolgen (au\u00dfer wenn bei der Reservierung anders angegeben). Eine sp\u00e4tere Abreise oder Aufenthaltsverl\u00e4ngerung muss an der Rezeption beantragt werden &amp; wird je nach Verf\u00fcgbarkeit dort best\u00e4tigt. Erfolgt die Abreise ohne Absprache mehr als 1 Stunde sp\u00e4ter als vorgesehen, darf das Hotel 50% des Buchungspreises beanstanden. Nach\u00a0 2 Stunden betr\u00e4gt das Bu\u00dfgeld 100%. Ohne vorherige Absprache darf das Hotel nach 2 Stunden Versp\u00e4tung 100% berechnen &amp; Ihre Sachen aus dem Zimmer entfernen. Bei einer Aufenthaltsverl\u00e4ngerung kann der Tagessatz dem auf der Website ver\u00f6ffentlichten angepasst werden.<\/p>\n<p>&#8211; Beim Check-in muss ein Ausweis vorgelegt werden, auf dem die Daten mit denen der Reservierung \u00fcbereinstimmen. Bei der Registrierung ist auch eine Kreditkartenkaution f\u00e4llig. Der zur\u00fcckgestellte Betrag h\u00e4ngt vom Zimmerpreis &amp; von der Aufenthaltsdauer ab &amp; wird durch eine Pauschale f\u00fcr eventuelle Extraleistungen erg\u00e4nzt.<\/p>\n<p><strong>4.\u00a0Bitte beachten Sie die nachfolgenden Informationen:<\/strong><\/p>\n<p>&#8211;\u00a0Im Falle einer Reservierung von mehr als 3 Zimmern oder einer Aufenthaltsdauer von \u00fcber\u00a0 1 Woche, k\u00f6nnen die Bestimmungen abweichen &amp; zus\u00e4tzliche Kosten entstehen.<\/p>\n<p>&#8211;\u00a0Im gesamten Hotel herrscht Rauchverbot, doch auf den Balkonen und Terrassen ist das Rauchen gestattet. Sollten Sie im Zimmer rauchen, werden Ihnen automatisch Reinigungskosten in Rechnung gestellt.<\/p>\n<p>&#8211;\u00a0F\u00fcr Besch\u00e4digungen im Hotel haften Sie vollst\u00e4ndig. Der gesch\u00e4tzte Wert wird Ihnen in Rechnung gestellt &amp; in bestimmten F\u00e4llen wird auch ein gesch\u00e4tzter Einkommensverlust hinzugef\u00fcgt.<\/p>\n<p>&#8211; Sollten wir Ihnen bei Ihrer Ankunft nicht das Zimmer anbieten k\u00f6nnen, das Sie gebucht haben, verpflichten wir uns, Ihnen ein gleichwertiges oder hochwertigeres Zimmer in demselben Hotel zu vermitteln. Sollten wir Sie aufgrund ernster interner Probleme in ein anderes Hotel verlegen m\u00fcssen, so garantieren wir Ihnen, dass dieses entweder gleichwertig oder sogar hochwertiger sein wird. Wir weisen Sie au\u00dferdem darauf hin, dass wir Ihre W\u00fcnsche bez\u00fcglich der Bettenauswahl (Doppelbett oder separate Betten) je nach Verf\u00fcgbarkeit ber\u00fccksichtigen werden.<\/p>\n<p>&#8211; Das <a href=\"https:\/\/www.montreuxjazzfestival.com\/de\/\" target=\"_blank\" rel=\"noopener noreferrer\">Montreux Jazz Festival<\/a> findet jedes Jahr im Juli f\u00fcr 2 Wochen in Montreux statt. Das Royal Plaza Montreux &amp; das Villa Toscane im Herzen des Festivals liegen. Z\u00f6gern Sie also nicht, Ihren Aufenthalt zu buchen &amp; profitieren Sie von unserer idealen Lage. Aufgrund seiner Lokalisierung m\u00f6chten wir Sie jedoch an die Unannehmlichkeiten erinnern, die durch den L\u00e4rm des Festivals verursacht werden k\u00f6nnen. W\u00e4hrend des Abends kann die Zufahrt mit dem Auto etwas schwierig sein &amp; es sind auch erhebliche L\u00e4rmbel\u00e4stigungen im Hotel zu erwarten, insbesondere in den R\u00e4umen neben dem Festival. Viel Stimmung steht auf dem Programm und damit auch viel L\u00e4rm!\u00a0Wir bitten Sie, das Festivalprogramm direkt auf der\u00a0<a href=\"https:\/\/www.montreuxjazzfestival.com\/de\/\"><strong>Website des Montreux Jazz Festivals\u00a0<\/strong><\/a>zu \u00fcberpr\u00fcfen.<\/p>\n","protected":false},"excerpt":{"rendered":"<p>Wir bedanken uns f\u00fcr Ihr Vertrauen in das Villa Toscane ! Nachfolgend m\u00f6chten wir Sie auf unsere Allgemeinen Gesch\u00e4ftsbedingungen aufmerksam machen: 1. Stornierung &amp; \u00c4nderung : Eine kostenlose Stornierung des Aufenthalts ist bis zu 48 Stunden vor dem Anreisedatum m\u00f6glich (ausgenommen nicht erstattungsf\u00e4hige Tarife). Bei einer \u00c4nderung der Aufenthaltsdauer gelten die zum Zeitpunkt der \u00c4nderung [&hellip;]<\/p>\n","protected":false},"author":124,"featured_media":0,"parent":0,"menu_order":999,"comment_status":"closed","ping_status":"closed","template":"template-default-2.php","meta":{"footnotes":""},"class_list":["post-270","page","type-page","status-publish","hentry"],"yoast_head":"<!-- This site is optimized with the Yoast SEO plugin v27.3 - https:\/\/yoast.com\/product\/yoast-seo-wordpress\/ -->\n<title>Gesch\u00e4ftsbedingungen - Villa Toscane<\/title>\n<meta name=\"description\" content=\"Wir bedanken uns f\u00fcr Ihr Vertrauen in das Villa Toscane !  Nachfolgend m\u00f6chten wir Sie auf unsere Allgemeinen Gesch\u00e4ftsbedingungen aufmerksam machen:  1. Stornierung &amp; \u00c4nderung :  Eine kostenlose Stornierung des Aufenthalts ist bis zu 48 Stunden vor dem Anreisedatum m\u00f6glich (ausgenommen nicht erstattungsf\u00e4hige Tarife).  Bei einer \u00c4nderung der Aufenthaltsdauer gelten die zum Zeitpunkt der \u00c4nderung g\u00fcltigen Verkaufsbedingungen (Tarif, Mindest- oder H\u00f6chstanzahl an zu buchenden N\u00e4chten).  Im Falle einer versp\u00e4teten Stornierung, eines Nicht-Erscheinens oder einer vorzeitigen Abreise wird eine Geb\u00fchr in H\u00f6he des gesamten Aufenthalts Ihrer Kreditkarte belastet.  2.\u00a0Zuschl\u00e4ge, in CHF &amp; inklusive Steue:  - &quot;Amerikanisches&quot; Fr\u00fchst\u00fccksbuffet f\u00fcr 30 CHF pro Person und Tag oder Fr\u00fchst\u00fccksbuffet &quot;Express&quot; f\u00fcr 15 CHF pro Person &amp; Tag (falls nicht bereits im Preis enthalten)  - &quot;Express&quot; Fr\u00fchst\u00fccksbuffet f\u00fcr CHF 8 pro Kind (zwischen 6 und 11 Jahren, bis 5 Jahre gratis) und Tag oder Fr\u00fchst\u00fccksbuffet &quot;Amerikanisch&quot; f\u00fcr CHF 15 pro Kind (zwischen 6 und 11 Jahren, bis 5 Jahre gratis) und pro Tag im Hotel Royal Plaza Montreux (falls nicht im Preis inbegriffen, je nach Verf\u00fcgbarkeit)  - Aufenthaltstaxe: CHF 6 pro Person &amp; Tag.  -\u00a0Parkplatz (innen &amp; au\u00dfen, falls nicht bereits im Preis enthalten) f\u00fcr 25 CHF pro Tag (40 CHF pro Tag w\u00e4hrend des Montreux Jazz Festivals)  - Haustiere f\u00fcr 29 CHF pro Tag bis 10 kg (gr\u00f6sser f\u00fcr 49 CHF pro Tag)  3.\u00a0Ankunft &amp; Abfahrt:  - Der Welcome-Desk und alle Einrichtungen befinden sich im Schwesterhotel Royal Plaza Montreux 5 * \u2013 direkt gegen\u00fcber der Stra\u00dfe..  -\u00a0Der Check-in ist ab 15 Uhr &amp; der Check-out is um 12 Uhr (sofern in der Buchung nicht anders angegeben).  - Die Zimmer stehen ab 15 Uhr am Anreisetag zur Verf\u00fcgung; die Abreise muss bis sp\u00e4testens 12 Uhr erfolgen (au\u00dfer wenn bei der Reservierung anders angegeben)\" \/>\n<meta name=\"robots\" content=\"index, follow, max-snippet:-1, max-image-preview:large, max-video-preview:-1\" \/>\n<link rel=\"canonical\" href=\"https:\/\/www.villatoscane.ch\/de\/geschaeftsbedingungen\/\" \/>\n<meta property=\"og:locale\" content=\"de_DE\" \/>\n<meta property=\"og:type\" content=\"article\" \/>\n<meta property=\"og:title\" content=\"Gesch\u00e4ftsbedingungen - Villa Toscane\" \/>\n<meta property=\"og:description\" content=\"Wir bedanken uns f\u00fcr Ihr Vertrauen in das Villa Toscane !  Nachfolgend m\u00f6chten wir Sie auf unsere Allgemeinen Gesch\u00e4ftsbedingungen aufmerksam machen:  1. Stornierung &amp; \u00c4nderung :  Eine kostenlose Stornierung des Aufenthalts ist bis zu 48 Stunden vor dem Anreisedatum m\u00f6glich (ausgenommen nicht erstattungsf\u00e4hige Tarife).  Bei einer \u00c4nderung der Aufenthaltsdauer gelten die zum Zeitpunkt der \u00c4nderung g\u00fcltigen Verkaufsbedingungen (Tarif, Mindest- oder H\u00f6chstanzahl an zu buchenden N\u00e4chten).  Im Falle einer versp\u00e4teten Stornierung, eines Nicht-Erscheinens oder einer vorzeitigen Abreise wird eine Geb\u00fchr in H\u00f6he des gesamten Aufenthalts Ihrer Kreditkarte belastet.  2.\u00a0Zuschl\u00e4ge, in CHF &amp; inklusive Steue:  - &quot;Amerikanisches&quot; Fr\u00fchst\u00fccksbuffet f\u00fcr 30 CHF pro Person und Tag oder Fr\u00fchst\u00fccksbuffet &quot;Express&quot; f\u00fcr 15 CHF pro Person &amp; Tag (falls nicht bereits im Preis enthalten)  - &quot;Express&quot; Fr\u00fchst\u00fccksbuffet f\u00fcr CHF 8 pro Kind (zwischen 6 und 11 Jahren, bis 5 Jahre gratis) und Tag oder Fr\u00fchst\u00fccksbuffet &quot;Amerikanisch&quot; f\u00fcr CHF 15 pro Kind (zwischen 6 und 11 Jahren, bis 5 Jahre gratis) und pro Tag im Hotel Royal Plaza Montreux (falls nicht im Preis inbegriffen, je nach Verf\u00fcgbarkeit)  - Aufenthaltstaxe: CHF 6 pro Person &amp; Tag.  -\u00a0Parkplatz (innen &amp; au\u00dfen, falls nicht bereits im Preis enthalten) f\u00fcr 25 CHF pro Tag (40 CHF pro Tag w\u00e4hrend des Montreux Jazz Festivals)  - Haustiere f\u00fcr 29 CHF pro Tag bis 10 kg (gr\u00f6sser f\u00fcr 49 CHF pro Tag)  3.\u00a0Ankunft &amp; Abfahrt:  - Der Welcome-Desk und alle Einrichtungen befinden sich im Schwesterhotel Royal Plaza Montreux 5 * \u2013 direkt gegen\u00fcber der Stra\u00dfe..  -\u00a0Der Check-in ist ab 15 Uhr &amp; der Check-out is um 12 Uhr (sofern in der Buchung nicht anders angegeben).  - Die Zimmer stehen ab 15 Uhr am Anreisetag zur Verf\u00fcgung; die Abreise muss bis sp\u00e4testens 12 Uhr erfolgen (au\u00dfer wenn bei der Reservierung anders angegeben)\" \/>\n<meta property=\"og:url\" content=\"https:\/\/www.villatoscane.ch\/de\/geschaeftsbedingungen\/\" \/>\n<meta property=\"og:site_name\" content=\"Villa Toscane\" \/>\n<meta property=\"article:modified_time\" content=\"2025-10-02T13:10:22+00:00\" \/>\n<meta name=\"twitter:card\" content=\"summary_large_image\" \/>\n<meta name=\"twitter:label1\" content=\"Gesch\u00e4tzte Lesezeit\" \/>\n\t<meta name=\"twitter:data1\" content=\"3 Minuten\" \/>\n<script type=\"application\/ld+json\" class=\"yoast-schema-graph\">{\"@context\":\"https:\\\/\\\/schema.org\",\"@graph\":[{\"@type\":\"WebPage\",\"@id\":\"https:\\\/\\\/www.villatoscane.ch\\\/de\\\/geschaeftsbedingungen\\\/\",\"url\":\"https:\\\/\\\/www.villatoscane.ch\\\/de\\\/geschaeftsbedingungen\\\/\",\"name\":\"Gesch\u00e4ftsbedingungen - Villa Toscane\",\"isPartOf\":{\"@id\":\"https:\\\/\\\/www.villatoscane.ch\\\/de\\\/#website\"},\"datePublished\":\"2025-07-02T10:37:17+00:00\",\"dateModified\":\"2025-10-02T13:10:22+00:00\",\"description\":\"Wir bedanken uns f\u00fcr Ihr Vertrauen in das Villa Toscane ! Nachfolgend m\u00f6chten wir Sie auf unsere Allgemeinen Gesch\u00e4ftsbedingungen aufmerksam machen: 1. Stornierung &amp; \u00c4nderung : Eine kostenlose Stornierung des Aufenthalts ist bis zu 48 Stunden vor dem Anreisedatum m\u00f6glich (ausgenommen nicht erstattungsf\u00e4hige Tarife). Bei einer \u00c4nderung der Aufenthaltsdauer gelten die zum Zeitpunkt der \u00c4nderung g\u00fcltigen Verkaufsbedingungen (Tarif, Mindest- oder H\u00f6chstanzahl an zu buchenden N\u00e4chten). Im Falle einer versp\u00e4teten Stornierung, eines Nicht-Erscheinens oder einer vorzeitigen Abreise wird eine Geb\u00fchr in H\u00f6he des gesamten Aufenthalts Ihrer Kreditkarte belastet. 2.\u00a0Zuschl\u00e4ge, in CHF &amp; inklusive Steue: - \\\"Amerikanisches\\\" Fr\u00fchst\u00fccksbuffet f\u00fcr 30 CHF pro Person und Tag oder Fr\u00fchst\u00fccksbuffet \\\"Express\\\" f\u00fcr 15 CHF pro Person &amp; Tag (falls nicht bereits im Preis enthalten) - \\\"Express\\\" Fr\u00fchst\u00fccksbuffet f\u00fcr CHF 8 pro Kind (zwischen 6 und 11 Jahren, bis 5 Jahre gratis) und Tag oder Fr\u00fchst\u00fccksbuffet \\\"Amerikanisch\\\" f\u00fcr CHF 15 pro Kind (zwischen 6 und 11 Jahren, bis 5 Jahre gratis) und pro Tag im Hotel Royal Plaza Montreux (falls nicht im Preis inbegriffen, je nach Verf\u00fcgbarkeit) - Aufenthaltstaxe: CHF 6 pro Person &amp; Tag. -\u00a0Parkplatz (innen &amp; au\u00dfen, falls nicht bereits im Preis enthalten) f\u00fcr 25 CHF pro Tag (40 CHF pro Tag w\u00e4hrend des Montreux Jazz Festivals) - Haustiere f\u00fcr 29 CHF pro Tag bis 10 kg (gr\u00f6sser f\u00fcr 49 CHF pro Tag) 3.\u00a0Ankunft &amp; Abfahrt: - Der Welcome-Desk und alle Einrichtungen befinden sich im Schwesterhotel Royal Plaza Montreux 5 * \u2013 direkt gegen\u00fcber der Stra\u00dfe.. -\u00a0Der Check-in ist ab 15 Uhr &amp; der Check-out is um 12 Uhr (sofern in der Buchung nicht anders angegeben). - Die Zimmer stehen ab 15 Uhr am Anreisetag zur Verf\u00fcgung; die Abreise muss bis sp\u00e4testens 12 Uhr erfolgen (au\u00dfer wenn bei der Reservierung anders angegeben)\",\"breadcrumb\":{\"@id\":\"https:\\\/\\\/www.villatoscane.ch\\\/de\\\/geschaeftsbedingungen\\\/#breadcrumb\"},\"inLanguage\":\"de-DE\",\"potentialAction\":[{\"@type\":\"ReadAction\",\"target\":[\"https:\\\/\\\/www.villatoscane.ch\\\/de\\\/geschaeftsbedingungen\\\/\"]}]},{\"@type\":\"BreadcrumbList\",\"@id\":\"https:\\\/\\\/www.villatoscane.ch\\\/de\\\/geschaeftsbedingungen\\\/#breadcrumb\",\"itemListElement\":[{\"@type\":\"ListItem\",\"position\":1,\"name\":\"Home\",\"item\":\"https:\\\/\\\/www.villatoscane.ch\\\/de\\\/\"},{\"@type\":\"ListItem\",\"position\":2,\"name\":\"Gesch\u00e4ftsbedingungen\"}]},{\"@type\":\"WebSite\",\"@id\":\"https:\\\/\\\/www.villatoscane.ch\\\/de\\\/#website\",\"url\":\"https:\\\/\\\/www.villatoscane.ch\\\/de\\\/\",\"name\":\"Villa Toscane\",\"description\":\"\",\"potentialAction\":[{\"@type\":\"SearchAction\",\"target\":{\"@type\":\"EntryPoint\",\"urlTemplate\":\"https:\\\/\\\/www.villatoscane.ch\\\/de\\\/?s={search_term_string}\"},\"query-input\":{\"@type\":\"PropertyValueSpecification\",\"valueRequired\":true,\"valueName\":\"search_term_string\"}}],\"inLanguage\":\"de-DE\"}]}<\/script>\n<!-- \/ Yoast SEO plugin. -->","yoast_head_json":{"title":"Gesch\u00e4ftsbedingungen - Villa Toscane","description":"Wir bedanken uns f\u00fcr Ihr Vertrauen in das Villa Toscane !  Nachfolgend m\u00f6chten wir Sie auf unsere Allgemeinen Gesch\u00e4ftsbedingungen aufmerksam machen:  1. Stornierung &amp; \u00c4nderung :  Eine kostenlose Stornierung des Aufenthalts ist bis zu 48 Stunden vor dem Anreisedatum m\u00f6glich (ausgenommen nicht erstattungsf\u00e4hige Tarife).  Bei einer \u00c4nderung der Aufenthaltsdauer gelten die zum Zeitpunkt der \u00c4nderung g\u00fcltigen Verkaufsbedingungen (Tarif, Mindest- oder H\u00f6chstanzahl an zu buchenden N\u00e4chten).  Im Falle einer versp\u00e4teten Stornierung, eines Nicht-Erscheinens oder einer vorzeitigen Abreise wird eine Geb\u00fchr in H\u00f6he des gesamten Aufenthalts Ihrer Kreditkarte belastet.  2.\u00a0Zuschl\u00e4ge, in CHF &amp; inklusive Steue:  - \"Amerikanisches\" Fr\u00fchst\u00fccksbuffet f\u00fcr 30 CHF pro Person und Tag oder Fr\u00fchst\u00fccksbuffet \"Express\" f\u00fcr 15 CHF pro Person &amp; Tag (falls nicht bereits im Preis enthalten)  - \"Express\" Fr\u00fchst\u00fccksbuffet f\u00fcr CHF 8 pro Kind (zwischen 6 und 11 Jahren, bis 5 Jahre gratis) und Tag oder Fr\u00fchst\u00fccksbuffet \"Amerikanisch\" f\u00fcr CHF 15 pro Kind (zwischen 6 und 11 Jahren, bis 5 Jahre gratis) und pro Tag im Hotel Royal Plaza Montreux (falls nicht im Preis inbegriffen, je nach Verf\u00fcgbarkeit)  - Aufenthaltstaxe: CHF 6 pro Person &amp; Tag.  -\u00a0Parkplatz (innen &amp; au\u00dfen, falls nicht bereits im Preis enthalten) f\u00fcr 25 CHF pro Tag (40 CHF pro Tag w\u00e4hrend des Montreux Jazz Festivals)  - Haustiere f\u00fcr 29 CHF pro Tag bis 10 kg (gr\u00f6sser f\u00fcr 49 CHF pro Tag)  3.\u00a0Ankunft &amp; Abfahrt:  - Der Welcome-Desk und alle Einrichtungen befinden sich im Schwesterhotel Royal Plaza Montreux 5 * \u2013 direkt gegen\u00fcber der Stra\u00dfe..  -\u00a0Der Check-in ist ab 15 Uhr &amp; der Check-out is um 12 Uhr (sofern in der Buchung nicht anders angegeben).  - Die Zimmer stehen ab 15 Uhr am Anreisetag zur Verf\u00fcgung; die Abreise muss bis sp\u00e4testens 12 Uhr erfolgen (au\u00dfer wenn bei der Reservierung anders angegeben)","robots":{"index":"index","follow":"follow","max-snippet":"max-snippet:-1","max-image-preview":"max-image-preview:large","max-video-preview":"max-video-preview:-1"},"canonical":"https:\/\/www.villatoscane.ch\/de\/geschaeftsbedingungen\/","og_locale":"de_DE","og_type":"article","og_title":"Gesch\u00e4ftsbedingungen - Villa Toscane","og_description":"Wir bedanken uns f\u00fcr Ihr Vertrauen in das Villa Toscane !  Nachfolgend m\u00f6chten wir Sie auf unsere Allgemeinen Gesch\u00e4ftsbedingungen aufmerksam machen:  1. Stornierung &amp; \u00c4nderung :  Eine kostenlose Stornierung des Aufenthalts ist bis zu 48 Stunden vor dem Anreisedatum m\u00f6glich (ausgenommen nicht erstattungsf\u00e4hige Tarife).  Bei einer \u00c4nderung der Aufenthaltsdauer gelten die zum Zeitpunkt der \u00c4nderung g\u00fcltigen Verkaufsbedingungen (Tarif, Mindest- oder H\u00f6chstanzahl an zu buchenden N\u00e4chten).  Im Falle einer versp\u00e4teten Stornierung, eines Nicht-Erscheinens oder einer vorzeitigen Abreise wird eine Geb\u00fchr in H\u00f6he des gesamten Aufenthalts Ihrer Kreditkarte belastet.  2.\u00a0Zuschl\u00e4ge, in CHF &amp; inklusive Steue:  - \"Amerikanisches\" Fr\u00fchst\u00fccksbuffet f\u00fcr 30 CHF pro Person und Tag oder Fr\u00fchst\u00fccksbuffet \"Express\" f\u00fcr 15 CHF pro Person &amp; Tag (falls nicht bereits im Preis enthalten)  - \"Express\" Fr\u00fchst\u00fccksbuffet f\u00fcr CHF 8 pro Kind (zwischen 6 und 11 Jahren, bis 5 Jahre gratis) und Tag oder Fr\u00fchst\u00fccksbuffet \"Amerikanisch\" f\u00fcr CHF 15 pro Kind (zwischen 6 und 11 Jahren, bis 5 Jahre gratis) und pro Tag im Hotel Royal Plaza Montreux (falls nicht im Preis inbegriffen, je nach Verf\u00fcgbarkeit)  - Aufenthaltstaxe: CHF 6 pro Person &amp; Tag.  -\u00a0Parkplatz (innen &amp; au\u00dfen, falls nicht bereits im Preis enthalten) f\u00fcr 25 CHF pro Tag (40 CHF pro Tag w\u00e4hrend des Montreux Jazz Festivals)  - Haustiere f\u00fcr 29 CHF pro Tag bis 10 kg (gr\u00f6sser f\u00fcr 49 CHF pro Tag)  3.\u00a0Ankunft &amp; Abfahrt:  - Der Welcome-Desk und alle Einrichtungen befinden sich im Schwesterhotel Royal Plaza Montreux 5 * \u2013 direkt gegen\u00fcber der Stra\u00dfe..  -\u00a0Der Check-in ist ab 15 Uhr &amp; der Check-out is um 12 Uhr (sofern in der Buchung nicht anders angegeben).  - Die Zimmer stehen ab 15 Uhr am Anreisetag zur Verf\u00fcgung; die Abreise muss bis sp\u00e4testens 12 Uhr erfolgen (au\u00dfer wenn bei der Reservierung anders angegeben)","og_url":"https:\/\/www.villatoscane.ch\/de\/geschaeftsbedingungen\/","og_site_name":"Villa Toscane","article_modified_time":"2025-10-02T13:10:22+00:00","twitter_card":"summary_large_image","twitter_misc":{"Gesch\u00e4tzte Lesezeit":"3 Minuten"},"schema":{"@context":"https:\/\/schema.org","@graph":[{"@type":"WebPage","@id":"https:\/\/www.villatoscane.ch\/de\/geschaeftsbedingungen\/","url":"https:\/\/www.villatoscane.ch\/de\/geschaeftsbedingungen\/","name":"Gesch\u00e4ftsbedingungen - Villa Toscane","isPartOf":{"@id":"https:\/\/www.villatoscane.ch\/de\/#website"},"datePublished":"2025-07-02T10:37:17+00:00","dateModified":"2025-10-02T13:10:22+00:00","description":"Wir bedanken uns f\u00fcr Ihr Vertrauen in das Villa Toscane ! Nachfolgend m\u00f6chten wir Sie auf unsere Allgemeinen Gesch\u00e4ftsbedingungen aufmerksam machen: 1. Stornierung &amp; \u00c4nderung : Eine kostenlose Stornierung des Aufenthalts ist bis zu 48 Stunden vor dem Anreisedatum m\u00f6glich (ausgenommen nicht erstattungsf\u00e4hige Tarife). Bei einer \u00c4nderung der Aufenthaltsdauer gelten die zum Zeitpunkt der \u00c4nderung g\u00fcltigen Verkaufsbedingungen (Tarif, Mindest- oder H\u00f6chstanzahl an zu buchenden N\u00e4chten). Im Falle einer versp\u00e4teten Stornierung, eines Nicht-Erscheinens oder einer vorzeitigen Abreise wird eine Geb\u00fchr in H\u00f6he des gesamten Aufenthalts Ihrer Kreditkarte belastet. 2.\u00a0Zuschl\u00e4ge, in CHF &amp; inklusive Steue: - \"Amerikanisches\" Fr\u00fchst\u00fccksbuffet f\u00fcr 30 CHF pro Person und Tag oder Fr\u00fchst\u00fccksbuffet \"Express\" f\u00fcr 15 CHF pro Person &amp; Tag (falls nicht bereits im Preis enthalten) - \"Express\" Fr\u00fchst\u00fccksbuffet f\u00fcr CHF 8 pro Kind (zwischen 6 und 11 Jahren, bis 5 Jahre gratis) und Tag oder Fr\u00fchst\u00fccksbuffet \"Amerikanisch\" f\u00fcr CHF 15 pro Kind (zwischen 6 und 11 Jahren, bis 5 Jahre gratis) und pro Tag im Hotel Royal Plaza Montreux (falls nicht im Preis inbegriffen, je nach Verf\u00fcgbarkeit) - Aufenthaltstaxe: CHF 6 pro Person &amp; Tag. -\u00a0Parkplatz (innen &amp; au\u00dfen, falls nicht bereits im Preis enthalten) f\u00fcr 25 CHF pro Tag (40 CHF pro Tag w\u00e4hrend des Montreux Jazz Festivals) - Haustiere f\u00fcr 29 CHF pro Tag bis 10 kg (gr\u00f6sser f\u00fcr 49 CHF pro Tag) 3.\u00a0Ankunft &amp; Abfahrt: - Der Welcome-Desk und alle Einrichtungen befinden sich im Schwesterhotel Royal Plaza Montreux 5 * \u2013 direkt gegen\u00fcber der Stra\u00dfe.. -\u00a0Der Check-in ist ab 15 Uhr &amp; der Check-out is um 12 Uhr (sofern in der Buchung nicht anders angegeben). - Die Zimmer stehen ab 15 Uhr am Anreisetag zur Verf\u00fcgung; die Abreise muss bis sp\u00e4testens 12 Uhr erfolgen (au\u00dfer wenn bei der Reservierung anders angegeben)","breadcrumb":{"@id":"https:\/\/www.villatoscane.ch\/de\/geschaeftsbedingungen\/#breadcrumb"},"inLanguage":"de-DE","potentialAction":[{"@type":"ReadAction","target":["https:\/\/www.villatoscane.ch\/de\/geschaeftsbedingungen\/"]}]},{"@type":"BreadcrumbList","@id":"https:\/\/www.villatoscane.ch\/de\/geschaeftsbedingungen\/#breadcrumb","itemListElement":[{"@type":"ListItem","position":1,"name":"Home","item":"https:\/\/www.villatoscane.ch\/de\/"},{"@type":"ListItem","position":2,"name":"Gesch\u00e4ftsbedingungen"}]},{"@type":"WebSite","@id":"https:\/\/www.villatoscane.ch\/de\/#website","url":"https:\/\/www.villatoscane.ch\/de\/","name":"Villa Toscane","description":"","potentialAction":[{"@type":"SearchAction","target":{"@type":"EntryPoint","urlTemplate":"https:\/\/www.villatoscane.ch\/de\/?s={search_term_string}"},"query-input":{"@type":"PropertyValueSpecification","valueRequired":true,"valueName":"search_term_string"}}],"inLanguage":"de-DE"}]}},"acf":[],"_links":{"self":[{"href":"https:\/\/www.villatoscane.ch\/de\/wp-json\/wp\/v2\/pages\/270","targetHints":{"allow":["GET"]}}],"collection":[{"href":"https:\/\/www.villatoscane.ch\/de\/wp-json\/wp\/v2\/pages"}],"about":[{"href":"https:\/\/www.villatoscane.ch\/de\/wp-json\/wp\/v2\/types\/page"}],"author":[{"embeddable":true,"href":"https:\/\/www.villatoscane.ch\/de\/wp-json\/wp\/v2\/users\/124"}],"replies":[{"embeddable":true,"href":"https:\/\/www.villatoscane.ch\/de\/wp-json\/wp\/v2\/comments?post=270"}],"version-history":[{"count":0,"href":"https:\/\/www.villatoscane.ch\/de\/wp-json\/wp\/v2\/pages\/270\/revisions"}],"wp:attachment":[{"href":"https:\/\/www.villatoscane.ch\/de\/wp-json\/wp\/v2\/media?parent=270"}],"curies":[{"name":"wp","href":"https:\/\/api.w.org\/{rel}","templated":true}]}}