{"id":284,"date":"2025-07-23T07:52:58","date_gmt":"2025-07-23T07:52:58","guid":{"rendered":"https:\/\/villa-toscane.ms2.decms.eu\/mariages\/"},"modified":"2025-10-06T15:19:26","modified_gmt":"2025-10-06T15:19:26","slug":"hochzeit","status":"publish","type":"page","link":"https:\/\/www.villatoscane.ch\/de\/hochzeit\/","title":{"rendered":"Hochzeit"},"content":{"rendered":"<p style=\"text-align: justify;\">Was k\u00f6nnte romantischer sein, als den sch\u00f6nsten Tag Ihres Lebens vor einem idyllischen Panorama zwischen dem Genfersee &amp; den Dents du Midi zu feiern. Sie k\u00f6nnen die Feierlichkeiten auf unserer Terrasse ein paar Schritte vom Ufer entfernt beginnen &amp; Ihre G\u00e4ste damit \u00fcberraschen, dass Sie mit dem Boot ankommen! Erleben Sie dank unseres aufmerksamen Teams, das sich all Ihren W\u00fcnschen widmet, einen unvergesslichen Tag am Ufer des Genfersees.<\/p>\n<p><strong>Eventabteilung<br \/>\nTelefon :<\/strong>\u00a0+41 21 962 50 08 |\u00a0<strong>E-Mail :<\/strong>\u00a0<a href=\"mailto:events@royalplaza.ch\" target=\"_blank\" rel=\"noopener noreferrer\">events@royalplaza.ch<\/a><\/p>\n<p><em><strong><a href=\"https:\/\/www.youtube.com\/watch?v=QZVzmIA_yFU\" target=\"_blank\" rel=\"noopener noreferrer\">Sehen Sie sich unser Video an!<\/a><\/strong><\/em><\/p>\n","protected":false},"excerpt":{"rendered":"<p>Was k\u00f6nnte romantischer sein, als den sch\u00f6nsten Tag Ihres Lebens vor einem idyllischen Panorama zwischen dem Genfersee &amp; den Dents du Midi zu feiern. Sie k\u00f6nnen die Feierlichkeiten auf unserer Terrasse ein paar Schritte vom Ufer entfernt beginnen &amp; Ihre G\u00e4ste damit \u00fcberraschen, dass Sie mit dem Boot ankommen! Erleben Sie dank unseres aufmerksamen Teams, [&hellip;]<\/p>\n","protected":false},"author":124,"featured_media":0,"parent":0,"menu_order":90,"comment_status":"closed","ping_status":"closed","template":"template-weddings.php","meta":{"footnotes":""},"class_list":["post-284","page","type-page","status-publish","hentry"],"yoast_head":"<!-- This site is optimized with the Yoast SEO plugin v27.3 - https:\/\/yoast.com\/product\/yoast-seo-wordpress\/ -->\n<title>Hochzeit - Villa Toscane<\/title>\n<meta name=\"description\" content=\"Was k\u00f6nnte romantischer sein, als den sch\u00f6nsten Tag Ihres Lebens vor einem idyllischen Panorama zwischen dem Genfersee &amp; den Dents du Midi zu feiern. Sie k\u00f6nnen die Feierlichkeiten auf unserer Terrasse ein paar Schritte vom Ufer entfernt beginnen &amp; Ihre G\u00e4ste damit \u00fcberraschen, dass Sie mit dem Boot ankommen! Erleben Sie dank unseres aufmerksamen Teams, das sich all Ihren W\u00fcnschen widmet, einen unvergesslichen Tag am Ufer des Genfersees.  Eventabteilung Telefon :\u00a0+41 21 962 50 08 |\u00a0E-Mail :\u00a0events@royalplaza.ch  Sehen Sie sich unser Video an!\" \/>\n<meta name=\"robots\" content=\"index, follow, max-snippet:-1, max-image-preview:large, max-video-preview:-1\" \/>\n<link rel=\"canonical\" href=\"https:\/\/www.villatoscane.ch\/de\/hochzeit\/\" \/>\n<meta property=\"og:locale\" content=\"de_DE\" \/>\n<meta property=\"og:type\" content=\"article\" \/>\n<meta property=\"og:title\" content=\"Hochzeit - Villa Toscane\" \/>\n<meta property=\"og:description\" content=\"Was k\u00f6nnte romantischer sein, als den sch\u00f6nsten Tag Ihres Lebens vor einem idyllischen Panorama zwischen dem Genfersee &amp; den Dents du Midi zu feiern. Sie k\u00f6nnen die Feierlichkeiten auf unserer Terrasse ein paar Schritte vom Ufer entfernt beginnen &amp; Ihre G\u00e4ste damit \u00fcberraschen, dass Sie mit dem Boot ankommen! Erleben Sie dank unseres aufmerksamen Teams, das sich all Ihren W\u00fcnschen widmet, einen unvergesslichen Tag am Ufer des Genfersees.  Eventabteilung Telefon :\u00a0+41 21 962 50 08 |\u00a0E-Mail :\u00a0events@royalplaza.ch  Sehen Sie sich unser Video an!\" \/>\n<meta property=\"og:url\" content=\"https:\/\/www.villatoscane.ch\/de\/hochzeit\/\" \/>\n<meta property=\"og:site_name\" content=\"Villa Toscane\" \/>\n<meta property=\"article:modified_time\" content=\"2025-10-06T15:19:26+00:00\" \/>\n<meta name=\"twitter:card\" content=\"summary_large_image\" \/>\n<meta name=\"twitter:label1\" content=\"Gesch\u00e4tzte Lesezeit\" \/>\n\t<meta name=\"twitter:data1\" content=\"1 Minute\" \/>\n<script type=\"application\/ld+json\" class=\"yoast-schema-graph\">{\"@context\":\"https:\\\/\\\/schema.org\",\"@graph\":[{\"@type\":\"WebPage\",\"@id\":\"https:\\\/\\\/www.villatoscane.ch\\\/de\\\/hochzeit\\\/\",\"url\":\"https:\\\/\\\/www.villatoscane.ch\\\/de\\\/hochzeit\\\/\",\"name\":\"Hochzeit - Villa Toscane\",\"isPartOf\":{\"@id\":\"https:\\\/\\\/www.villatoscane.ch\\\/de\\\/#website\"},\"datePublished\":\"2025-07-23T07:52:58+00:00\",\"dateModified\":\"2025-10-06T15:19:26+00:00\",\"description\":\"Was k\u00f6nnte romantischer sein, als den sch\u00f6nsten Tag Ihres Lebens vor einem idyllischen Panorama zwischen dem Genfersee &amp; den Dents du Midi zu feiern. Sie k\u00f6nnen die Feierlichkeiten auf unserer Terrasse ein paar Schritte vom Ufer entfernt beginnen &amp; Ihre G\u00e4ste damit \u00fcberraschen, dass Sie mit dem Boot ankommen! Erleben Sie dank unseres aufmerksamen Teams, das sich all Ihren W\u00fcnschen widmet, einen unvergesslichen Tag am Ufer des Genfersees. Eventabteilung Telefon :\u00a0+41 21 962 50 08 |\u00a0E-Mail :\u00a0events@royalplaza.ch Sehen Sie sich unser Video an!\",\"breadcrumb\":{\"@id\":\"https:\\\/\\\/www.villatoscane.ch\\\/de\\\/hochzeit\\\/#breadcrumb\"},\"inLanguage\":\"de-DE\",\"potentialAction\":[{\"@type\":\"ReadAction\",\"target\":[\"https:\\\/\\\/www.villatoscane.ch\\\/de\\\/hochzeit\\\/\"]}]},{\"@type\":\"BreadcrumbList\",\"@id\":\"https:\\\/\\\/www.villatoscane.ch\\\/de\\\/hochzeit\\\/#breadcrumb\",\"itemListElement\":[{\"@type\":\"ListItem\",\"position\":1,\"name\":\"Home\",\"item\":\"https:\\\/\\\/www.villatoscane.ch\\\/de\\\/\"},{\"@type\":\"ListItem\",\"position\":2,\"name\":\"Hochzeit\"}]},{\"@type\":\"WebSite\",\"@id\":\"https:\\\/\\\/www.villatoscane.ch\\\/de\\\/#website\",\"url\":\"https:\\\/\\\/www.villatoscane.ch\\\/de\\\/\",\"name\":\"Villa Toscane\",\"description\":\"\",\"potentialAction\":[{\"@type\":\"SearchAction\",\"target\":{\"@type\":\"EntryPoint\",\"urlTemplate\":\"https:\\\/\\\/www.villatoscane.ch\\\/de\\\/?s={search_term_string}\"},\"query-input\":{\"@type\":\"PropertyValueSpecification\",\"valueRequired\":true,\"valueName\":\"search_term_string\"}}],\"inLanguage\":\"de-DE\"}]}<\/script>\n<!-- \/ Yoast SEO plugin. -->","yoast_head_json":{"title":"Hochzeit - Villa Toscane","description":"Was k\u00f6nnte romantischer sein, als den sch\u00f6nsten Tag Ihres Lebens vor einem idyllischen Panorama zwischen dem Genfersee &amp; den Dents du Midi zu feiern. Sie k\u00f6nnen die Feierlichkeiten auf unserer Terrasse ein paar Schritte vom Ufer entfernt beginnen &amp; Ihre G\u00e4ste damit \u00fcberraschen, dass Sie mit dem Boot ankommen! Erleben Sie dank unseres aufmerksamen Teams, das sich all Ihren W\u00fcnschen widmet, einen unvergesslichen Tag am Ufer des Genfersees.  Eventabteilung Telefon :\u00a0+41 21 962 50 08 |\u00a0E-Mail :\u00a0events@royalplaza.ch  Sehen Sie sich unser Video an!","robots":{"index":"index","follow":"follow","max-snippet":"max-snippet:-1","max-image-preview":"max-image-preview:large","max-video-preview":"max-video-preview:-1"},"canonical":"https:\/\/www.villatoscane.ch\/de\/hochzeit\/","og_locale":"de_DE","og_type":"article","og_title":"Hochzeit - Villa Toscane","og_description":"Was k\u00f6nnte romantischer sein, als den sch\u00f6nsten Tag Ihres Lebens vor einem idyllischen Panorama zwischen dem Genfersee &amp; den Dents du Midi zu feiern. Sie k\u00f6nnen die Feierlichkeiten auf unserer Terrasse ein paar Schritte vom Ufer entfernt beginnen &amp; Ihre G\u00e4ste damit \u00fcberraschen, dass Sie mit dem Boot ankommen! Erleben Sie dank unseres aufmerksamen Teams, das sich all Ihren W\u00fcnschen widmet, einen unvergesslichen Tag am Ufer des Genfersees.  Eventabteilung Telefon :\u00a0+41 21 962 50 08 |\u00a0E-Mail :\u00a0events@royalplaza.ch  Sehen Sie sich unser Video an!","og_url":"https:\/\/www.villatoscane.ch\/de\/hochzeit\/","og_site_name":"Villa Toscane","article_modified_time":"2025-10-06T15:19:26+00:00","twitter_card":"summary_large_image","twitter_misc":{"Gesch\u00e4tzte Lesezeit":"1 Minute"},"schema":{"@context":"https:\/\/schema.org","@graph":[{"@type":"WebPage","@id":"https:\/\/www.villatoscane.ch\/de\/hochzeit\/","url":"https:\/\/www.villatoscane.ch\/de\/hochzeit\/","name":"Hochzeit - Villa Toscane","isPartOf":{"@id":"https:\/\/www.villatoscane.ch\/de\/#website"},"datePublished":"2025-07-23T07:52:58+00:00","dateModified":"2025-10-06T15:19:26+00:00","description":"Was k\u00f6nnte romantischer sein, als den sch\u00f6nsten Tag Ihres Lebens vor einem idyllischen Panorama zwischen dem Genfersee &amp; den Dents du Midi zu feiern. Sie k\u00f6nnen die Feierlichkeiten auf unserer Terrasse ein paar Schritte vom Ufer entfernt beginnen &amp; Ihre G\u00e4ste damit \u00fcberraschen, dass Sie mit dem Boot ankommen! Erleben Sie dank unseres aufmerksamen Teams, das sich all Ihren W\u00fcnschen widmet, einen unvergesslichen Tag am Ufer des Genfersees. Eventabteilung Telefon :\u00a0+41 21 962 50 08 |\u00a0E-Mail :\u00a0events@royalplaza.ch Sehen Sie sich unser Video an!","breadcrumb":{"@id":"https:\/\/www.villatoscane.ch\/de\/hochzeit\/#breadcrumb"},"inLanguage":"de-DE","potentialAction":[{"@type":"ReadAction","target":["https:\/\/www.villatoscane.ch\/de\/hochzeit\/"]}]},{"@type":"BreadcrumbList","@id":"https:\/\/www.villatoscane.ch\/de\/hochzeit\/#breadcrumb","itemListElement":[{"@type":"ListItem","position":1,"name":"Home","item":"https:\/\/www.villatoscane.ch\/de\/"},{"@type":"ListItem","position":2,"name":"Hochzeit"}]},{"@type":"WebSite","@id":"https:\/\/www.villatoscane.ch\/de\/#website","url":"https:\/\/www.villatoscane.ch\/de\/","name":"Villa Toscane","description":"","potentialAction":[{"@type":"SearchAction","target":{"@type":"EntryPoint","urlTemplate":"https:\/\/www.villatoscane.ch\/de\/?s={search_term_string}"},"query-input":{"@type":"PropertyValueSpecification","valueRequired":true,"valueName":"search_term_string"}}],"inLanguage":"de-DE"}]}},"acf":[],"_links":{"self":[{"href":"https:\/\/www.villatoscane.ch\/de\/wp-json\/wp\/v2\/pages\/284","targetHints":{"allow":["GET"]}}],"collection":[{"href":"https:\/\/www.villatoscane.ch\/de\/wp-json\/wp\/v2\/pages"}],"about":[{"href":"https:\/\/www.villatoscane.ch\/de\/wp-json\/wp\/v2\/types\/page"}],"author":[{"embeddable":true,"href":"https:\/\/www.villatoscane.ch\/de\/wp-json\/wp\/v2\/users\/124"}],"replies":[{"embeddable":true,"href":"https:\/\/www.villatoscane.ch\/de\/wp-json\/wp\/v2\/comments?post=284"}],"version-history":[{"count":0,"href":"https:\/\/www.villatoscane.ch\/de\/wp-json\/wp\/v2\/pages\/284\/revisions"}],"wp:attachment":[{"href":"https:\/\/www.villatoscane.ch\/de\/wp-json\/wp\/v2\/media?parent=284"}],"curies":[{"name":"wp","href":"https:\/\/api.w.org\/{rel}","templated":true}]}}