{"id":290,"date":"2025-07-01T15:37:47","date_gmt":"2025-07-01T15:37:47","guid":{"rendered":"https:\/\/villa-toscane.ms2.decms.eu\/nos-offres-speciales\/"},"modified":"2025-10-06T15:09:50","modified_gmt":"2025-10-06T15:09:50","slug":"unsere-sonderangebote","status":"publish","type":"page","link":"https:\/\/www.villatoscane.ch\/de\/unsere-sonderangebote\/","title":{"rendered":"Unsere Sonderangebote"},"content":{"rendered":"<p style=\"text-align: justify;\">Um Ihnen daf\u00fcr zu danken, dass Sie unser Hotel direkt \u00fcber unsere Website gebucht haben, &amp; f\u00fcr das Vertrauen, das Sie uns entgegenbringen, erhalten Sie das ganze Jahr \u00fcber, je nach Verf\u00fcgbarkeit &amp; ohne Sonderbedingungen einen Rabatt von 10% mit dem Promotionscode <strong>ROYALPRIVILEGE<\/strong> (nur online g\u00fcltig)!<\/p>\n<p style=\"text-align: justify;\">Profitieren Sie auch von unseren Sonderangeboten f\u00fcr Kurz- &amp; Langzeitaufenthalte zu flexiblen Bedingungen, bei denen Sie bis zu 15% sparen k\u00f6nnen, wenn Sie Ihr Zimmer weit im Voraus buchen.<\/p>\n<p style=\"text-align: justify;\">Je nach gebuchtem Tarif k\u00f6nnen Sie von den angebotenen Vorteilen profitieren, wie z. B. 10% Rabatt im Restaurant\u00a0<a href=\"https:\/\/www.royalplaza.ch\/de\/restaurant-bars\/cafe-bellagio\/\" target=\"_blank\" rel=\"noopener noreferrer\"><strong>Caf\u00e9 Bellagio<\/strong><\/a> (ohne Getr\u00e4nke &amp; Festtagsmen\u00fcs), sowie Rabatte auf den Parkplatz oder auf das Fr\u00fchst\u00fcck.<\/p>\n<p style=\"text-align: justify;\">Wir hoffen, dass Sie ein Angebot finden, das Ihren W\u00fcnschen entspricht &amp; Ihnen einen unvergesslichen Aufenthalt an der Riviera erm\u00f6glicht.<\/p>\n","protected":false},"excerpt":{"rendered":"<p>Um Ihnen daf\u00fcr zu danken, dass Sie unser Hotel direkt \u00fcber unsere Website gebucht haben, &amp; f\u00fcr das Vertrauen, das Sie uns entgegenbringen, erhalten Sie das ganze Jahr \u00fcber, je nach Verf\u00fcgbarkeit &amp; ohne Sonderbedingungen einen Rabatt von 10% mit dem Promotionscode ROYALPRIVILEGE (nur online g\u00fcltig)! Profitieren Sie auch von unseren Sonderangeboten f\u00fcr Kurz- &amp; [&hellip;]<\/p>\n","protected":false},"author":124,"featured_media":0,"parent":0,"menu_order":50,"comment_status":"closed","ping_status":"closed","template":"template-offers.php","meta":{"footnotes":""},"class_list":["post-290","page","type-page","status-publish","hentry"],"yoast_head":"<!-- This site is optimized with the Yoast SEO plugin v27.3 - https:\/\/yoast.com\/product\/yoast-seo-wordpress\/ -->\n<title>Unsere Sonderangebote - Villa Toscane<\/title>\n<meta name=\"description\" content=\"Um Ihnen daf\u00fcr zu danken, dass Sie unser Hotel direkt \u00fcber unsere Website gebucht haben, &amp; f\u00fcr das Vertrauen, das Sie uns entgegenbringen, erhalten Sie das ganze Jahr \u00fcber, je nach Verf\u00fcgbarkeit &amp; ohne Sonderbedingungen einen Rabatt von 10% mit dem Promotionscode ROYALPRIVILEGE (nur online g\u00fcltig)!  Profitieren Sie auch von unseren Sonderangeboten f\u00fcr Kurz- &amp; Langzeitaufenthalte zu flexiblen Bedingungen, bei denen Sie bis zu 15% sparen k\u00f6nnen, wenn Sie Ihr Zimmer weit im Voraus buchen.  Je nach gebuchtem Tarif k\u00f6nnen Sie von den angebotenen Vorteilen profitieren, wie z. B\" \/>\n<meta name=\"robots\" content=\"index, follow, max-snippet:-1, max-image-preview:large, max-video-preview:-1\" \/>\n<link rel=\"canonical\" href=\"https:\/\/www.villatoscane.ch\/de\/unsere-sonderangebote\/\" \/>\n<meta property=\"og:locale\" content=\"de_DE\" \/>\n<meta property=\"og:type\" content=\"article\" \/>\n<meta property=\"og:title\" content=\"Unsere Sonderangebote - Villa Toscane\" \/>\n<meta property=\"og:description\" content=\"Um Ihnen daf\u00fcr zu danken, dass Sie unser Hotel direkt \u00fcber unsere Website gebucht haben, &amp; f\u00fcr das Vertrauen, das Sie uns entgegenbringen, erhalten Sie das ganze Jahr \u00fcber, je nach Verf\u00fcgbarkeit &amp; ohne Sonderbedingungen einen Rabatt von 10% mit dem Promotionscode ROYALPRIVILEGE (nur online g\u00fcltig)!  Profitieren Sie auch von unseren Sonderangeboten f\u00fcr Kurz- &amp; Langzeitaufenthalte zu flexiblen Bedingungen, bei denen Sie bis zu 15% sparen k\u00f6nnen, wenn Sie Ihr Zimmer weit im Voraus buchen.  Je nach gebuchtem Tarif k\u00f6nnen Sie von den angebotenen Vorteilen profitieren, wie z. B\" \/>\n<meta property=\"og:url\" content=\"https:\/\/www.villatoscane.ch\/de\/unsere-sonderangebote\/\" \/>\n<meta property=\"og:site_name\" content=\"Villa Toscane\" \/>\n<meta property=\"article:modified_time\" content=\"2025-10-06T15:09:50+00:00\" \/>\n<meta name=\"twitter:card\" content=\"summary_large_image\" \/>\n<meta name=\"twitter:label1\" content=\"Gesch\u00e4tzte Lesezeit\" \/>\n\t<meta name=\"twitter:data1\" content=\"1 Minute\" \/>\n<script type=\"application\/ld+json\" class=\"yoast-schema-graph\">{\"@context\":\"https:\\\/\\\/schema.org\",\"@graph\":[{\"@type\":\"WebPage\",\"@id\":\"https:\\\/\\\/www.villatoscane.ch\\\/de\\\/unsere-sonderangebote\\\/\",\"url\":\"https:\\\/\\\/www.villatoscane.ch\\\/de\\\/unsere-sonderangebote\\\/\",\"name\":\"Unsere Sonderangebote - Villa Toscane\",\"isPartOf\":{\"@id\":\"https:\\\/\\\/www.villatoscane.ch\\\/de\\\/#website\"},\"datePublished\":\"2025-07-01T15:37:47+00:00\",\"dateModified\":\"2025-10-06T15:09:50+00:00\",\"description\":\"Um Ihnen daf\u00fcr zu danken, dass Sie unser Hotel direkt \u00fcber unsere Website gebucht haben, &amp; f\u00fcr das Vertrauen, das Sie uns entgegenbringen, erhalten Sie das ganze Jahr \u00fcber, je nach Verf\u00fcgbarkeit &amp; ohne Sonderbedingungen einen Rabatt von 10% mit dem Promotionscode ROYALPRIVILEGE (nur online g\u00fcltig)! Profitieren Sie auch von unseren Sonderangeboten f\u00fcr Kurz- &amp; Langzeitaufenthalte zu flexiblen Bedingungen, bei denen Sie bis zu 15% sparen k\u00f6nnen, wenn Sie Ihr Zimmer weit im Voraus buchen. Je nach gebuchtem Tarif k\u00f6nnen Sie von den angebotenen Vorteilen profitieren, wie z. B\",\"breadcrumb\":{\"@id\":\"https:\\\/\\\/www.villatoscane.ch\\\/de\\\/unsere-sonderangebote\\\/#breadcrumb\"},\"inLanguage\":\"de-DE\",\"potentialAction\":[{\"@type\":\"ReadAction\",\"target\":[\"https:\\\/\\\/www.villatoscane.ch\\\/de\\\/unsere-sonderangebote\\\/\"]}]},{\"@type\":\"BreadcrumbList\",\"@id\":\"https:\\\/\\\/www.villatoscane.ch\\\/de\\\/unsere-sonderangebote\\\/#breadcrumb\",\"itemListElement\":[{\"@type\":\"ListItem\",\"position\":1,\"name\":\"Home\",\"item\":\"https:\\\/\\\/www.villatoscane.ch\\\/de\\\/\"},{\"@type\":\"ListItem\",\"position\":2,\"name\":\"Unsere Sonderangebote\"}]},{\"@type\":\"WebSite\",\"@id\":\"https:\\\/\\\/www.villatoscane.ch\\\/de\\\/#website\",\"url\":\"https:\\\/\\\/www.villatoscane.ch\\\/de\\\/\",\"name\":\"Villa Toscane\",\"description\":\"\",\"potentialAction\":[{\"@type\":\"SearchAction\",\"target\":{\"@type\":\"EntryPoint\",\"urlTemplate\":\"https:\\\/\\\/www.villatoscane.ch\\\/de\\\/?s={search_term_string}\"},\"query-input\":{\"@type\":\"PropertyValueSpecification\",\"valueRequired\":true,\"valueName\":\"search_term_string\"}}],\"inLanguage\":\"de-DE\"}]}<\/script>\n<!-- \/ Yoast SEO plugin. -->","yoast_head_json":{"title":"Unsere Sonderangebote - Villa Toscane","description":"Um Ihnen daf\u00fcr zu danken, dass Sie unser Hotel direkt \u00fcber unsere Website gebucht haben, &amp; f\u00fcr das Vertrauen, das Sie uns entgegenbringen, erhalten Sie das ganze Jahr \u00fcber, je nach Verf\u00fcgbarkeit &amp; ohne Sonderbedingungen einen Rabatt von 10% mit dem Promotionscode ROYALPRIVILEGE (nur online g\u00fcltig)!  Profitieren Sie auch von unseren Sonderangeboten f\u00fcr Kurz- &amp; Langzeitaufenthalte zu flexiblen Bedingungen, bei denen Sie bis zu 15% sparen k\u00f6nnen, wenn Sie Ihr Zimmer weit im Voraus buchen.  Je nach gebuchtem Tarif k\u00f6nnen Sie von den angebotenen Vorteilen profitieren, wie z. B","robots":{"index":"index","follow":"follow","max-snippet":"max-snippet:-1","max-image-preview":"max-image-preview:large","max-video-preview":"max-video-preview:-1"},"canonical":"https:\/\/www.villatoscane.ch\/de\/unsere-sonderangebote\/","og_locale":"de_DE","og_type":"article","og_title":"Unsere Sonderangebote - Villa Toscane","og_description":"Um Ihnen daf\u00fcr zu danken, dass Sie unser Hotel direkt \u00fcber unsere Website gebucht haben, &amp; f\u00fcr das Vertrauen, das Sie uns entgegenbringen, erhalten Sie das ganze Jahr \u00fcber, je nach Verf\u00fcgbarkeit &amp; ohne Sonderbedingungen einen Rabatt von 10% mit dem Promotionscode ROYALPRIVILEGE (nur online g\u00fcltig)!  Profitieren Sie auch von unseren Sonderangeboten f\u00fcr Kurz- &amp; Langzeitaufenthalte zu flexiblen Bedingungen, bei denen Sie bis zu 15% sparen k\u00f6nnen, wenn Sie Ihr Zimmer weit im Voraus buchen.  Je nach gebuchtem Tarif k\u00f6nnen Sie von den angebotenen Vorteilen profitieren, wie z. B","og_url":"https:\/\/www.villatoscane.ch\/de\/unsere-sonderangebote\/","og_site_name":"Villa Toscane","article_modified_time":"2025-10-06T15:09:50+00:00","twitter_card":"summary_large_image","twitter_misc":{"Gesch\u00e4tzte Lesezeit":"1 Minute"},"schema":{"@context":"https:\/\/schema.org","@graph":[{"@type":"WebPage","@id":"https:\/\/www.villatoscane.ch\/de\/unsere-sonderangebote\/","url":"https:\/\/www.villatoscane.ch\/de\/unsere-sonderangebote\/","name":"Unsere Sonderangebote - Villa Toscane","isPartOf":{"@id":"https:\/\/www.villatoscane.ch\/de\/#website"},"datePublished":"2025-07-01T15:37:47+00:00","dateModified":"2025-10-06T15:09:50+00:00","description":"Um Ihnen daf\u00fcr zu danken, dass Sie unser Hotel direkt \u00fcber unsere Website gebucht haben, &amp; f\u00fcr das Vertrauen, das Sie uns entgegenbringen, erhalten Sie das ganze Jahr \u00fcber, je nach Verf\u00fcgbarkeit &amp; ohne Sonderbedingungen einen Rabatt von 10% mit dem Promotionscode ROYALPRIVILEGE (nur online g\u00fcltig)! Profitieren Sie auch von unseren Sonderangeboten f\u00fcr Kurz- &amp; Langzeitaufenthalte zu flexiblen Bedingungen, bei denen Sie bis zu 15% sparen k\u00f6nnen, wenn Sie Ihr Zimmer weit im Voraus buchen. Je nach gebuchtem Tarif k\u00f6nnen Sie von den angebotenen Vorteilen profitieren, wie z. B","breadcrumb":{"@id":"https:\/\/www.villatoscane.ch\/de\/unsere-sonderangebote\/#breadcrumb"},"inLanguage":"de-DE","potentialAction":[{"@type":"ReadAction","target":["https:\/\/www.villatoscane.ch\/de\/unsere-sonderangebote\/"]}]},{"@type":"BreadcrumbList","@id":"https:\/\/www.villatoscane.ch\/de\/unsere-sonderangebote\/#breadcrumb","itemListElement":[{"@type":"ListItem","position":1,"name":"Home","item":"https:\/\/www.villatoscane.ch\/de\/"},{"@type":"ListItem","position":2,"name":"Unsere Sonderangebote"}]},{"@type":"WebSite","@id":"https:\/\/www.villatoscane.ch\/de\/#website","url":"https:\/\/www.villatoscane.ch\/de\/","name":"Villa Toscane","description":"","potentialAction":[{"@type":"SearchAction","target":{"@type":"EntryPoint","urlTemplate":"https:\/\/www.villatoscane.ch\/de\/?s={search_term_string}"},"query-input":{"@type":"PropertyValueSpecification","valueRequired":true,"valueName":"search_term_string"}}],"inLanguage":"de-DE"}]}},"acf":[],"_links":{"self":[{"href":"https:\/\/www.villatoscane.ch\/de\/wp-json\/wp\/v2\/pages\/290","targetHints":{"allow":["GET"]}}],"collection":[{"href":"https:\/\/www.villatoscane.ch\/de\/wp-json\/wp\/v2\/pages"}],"about":[{"href":"https:\/\/www.villatoscane.ch\/de\/wp-json\/wp\/v2\/types\/page"}],"author":[{"embeddable":true,"href":"https:\/\/www.villatoscane.ch\/de\/wp-json\/wp\/v2\/users\/124"}],"replies":[{"embeddable":true,"href":"https:\/\/www.villatoscane.ch\/de\/wp-json\/wp\/v2\/comments?post=290"}],"version-history":[{"count":0,"href":"https:\/\/www.villatoscane.ch\/de\/wp-json\/wp\/v2\/pages\/290\/revisions"}],"wp:attachment":[{"href":"https:\/\/www.villatoscane.ch\/de\/wp-json\/wp\/v2\/media?parent=290"}],"curies":[{"name":"wp","href":"https:\/\/api.w.org\/{rel}","templated":true}]}}