{"id":292,"date":"2025-08-13T14:20:03","date_gmt":"2025-08-13T14:20:03","guid":{"rendered":"https:\/\/villa-toscane.ms2.decms.eu\/services\/"},"modified":"2025-10-17T08:06:06","modified_gmt":"2025-10-17T08:06:06","slug":"dienste","status":"publish","type":"page","link":"https:\/\/www.villatoscane.ch\/de\/dienste\/","title":{"rendered":"Dienste"},"content":{"rendered":"<p style=\"text-align: justify;\">Die im Jugendstil erbaute Villa Toscane befindet sich direkt gegen\u00fcber dem <a href=\"http:\/\/www.royalplaza.ch\/de\/\" target=\"_blank\" rel=\"noopener noreferrer\"><strong>Royal Plaza Montreux<\/strong><\/a>. Unsere G\u00e4ste k\u00f6nnen alle Serviceleistungen dieses 5-Sterne-Hotels in Anspruch nehmen, darunter ein Restaurant, 2 Bars, ein Spa, eine Tiefgarage mit 130 Stellpl\u00e4tzen sowie ein Konferenzzentrum. Im Rahmen dieser Zusammenarbeit k\u00f6nnen wir ein Maximum an M\u00f6glichkeiten bereitstellen, um Ihre W\u00fcnsche und Bed\u00fcrfnisse zu erf\u00fcllen.<\/p>\n<p style=\"text-align: justify;\">Weitere Informationen f\u00fcr Ihren Aufenthalt finden Sie in unsere <strong><a href=\"https:\/\/www.villatoscane.ch\/wp-content\/uploads\/sites\/72\/2025\/08\/Room-Directories-EN_VT_2025.pdf\" target=\"_blank\" rel=\"noopener\">Room Directories<\/a><\/strong>.<\/p>\n","protected":false},"excerpt":{"rendered":"<p>Die im Jugendstil erbaute Villa Toscane befindet sich direkt gegen\u00fcber dem Royal Plaza Montreux. Unsere G\u00e4ste k\u00f6nnen alle Serviceleistungen dieses 5-Sterne-Hotels in Anspruch nehmen, darunter ein Restaurant, 2 Bars, ein Spa, eine Tiefgarage mit 130 Stellpl\u00e4tzen sowie ein Konferenzzentrum. Im Rahmen dieser Zusammenarbeit k\u00f6nnen wir ein Maximum an M\u00f6glichkeiten bereitstellen, um Ihre W\u00fcnsche und Bed\u00fcrfnisse [&hellip;]<\/p>\n","protected":false},"author":124,"featured_media":0,"parent":0,"menu_order":45,"comment_status":"closed","ping_status":"closed","template":"template-services.php","meta":{"footnotes":""},"class_list":["post-292","page","type-page","status-publish","hentry"],"yoast_head":"<!-- This site is optimized with the Yoast SEO plugin v27.3 - https:\/\/yoast.com\/product\/yoast-seo-wordpress\/ -->\n<title>Dienste - Villa Toscane<\/title>\n<meta name=\"description\" content=\"Die im Jugendstil erbaute Villa Toscane befindet sich direkt gegen\u00fcber dem Royal Plaza Montreux. Unsere G\u00e4ste k\u00f6nnen alle Serviceleistungen dieses 5-Sterne-Hotels in Anspruch nehmen, darunter ein Restaurant, 2 Bars, ein Spa, eine Tiefgarage mit 130 Stellpl\u00e4tzen sowie ein Konferenzzentrum\" \/>\n<meta name=\"robots\" content=\"index, follow, max-snippet:-1, max-image-preview:large, max-video-preview:-1\" \/>\n<link rel=\"canonical\" href=\"https:\/\/www.villatoscane.ch\/de\/dienste\/\" \/>\n<meta property=\"og:locale\" content=\"de_DE\" \/>\n<meta property=\"og:type\" content=\"article\" \/>\n<meta property=\"og:title\" content=\"Dienste - Villa Toscane\" \/>\n<meta property=\"og:description\" content=\"Die im Jugendstil erbaute Villa Toscane befindet sich direkt gegen\u00fcber dem Royal Plaza Montreux. Unsere G\u00e4ste k\u00f6nnen alle Serviceleistungen dieses 5-Sterne-Hotels in Anspruch nehmen, darunter ein Restaurant, 2 Bars, ein Spa, eine Tiefgarage mit 130 Stellpl\u00e4tzen sowie ein Konferenzzentrum\" \/>\n<meta property=\"og:url\" content=\"https:\/\/www.villatoscane.ch\/de\/dienste\/\" \/>\n<meta property=\"og:site_name\" content=\"Villa Toscane\" \/>\n<meta property=\"article:modified_time\" content=\"2025-10-17T08:06:06+00:00\" \/>\n<meta name=\"twitter:card\" content=\"summary_large_image\" \/>\n<meta name=\"twitter:label1\" content=\"Gesch\u00e4tzte Lesezeit\" \/>\n\t<meta name=\"twitter:data1\" content=\"1 Minute\" \/>\n<script type=\"application\/ld+json\" class=\"yoast-schema-graph\">{\"@context\":\"https:\\\/\\\/schema.org\",\"@graph\":[{\"@type\":\"WebPage\",\"@id\":\"https:\\\/\\\/www.villatoscane.ch\\\/de\\\/dienste\\\/\",\"url\":\"https:\\\/\\\/www.villatoscane.ch\\\/de\\\/dienste\\\/\",\"name\":\"Dienste - Villa Toscane\",\"isPartOf\":{\"@id\":\"https:\\\/\\\/www.villatoscane.ch\\\/de\\\/#website\"},\"datePublished\":\"2025-08-13T14:20:03+00:00\",\"dateModified\":\"2025-10-17T08:06:06+00:00\",\"description\":\"Die im Jugendstil erbaute Villa Toscane befindet sich direkt gegen\u00fcber dem Royal Plaza Montreux. Unsere G\u00e4ste k\u00f6nnen alle Serviceleistungen dieses 5-Sterne-Hotels in Anspruch nehmen, darunter ein Restaurant, 2 Bars, ein Spa, eine Tiefgarage mit 130 Stellpl\u00e4tzen sowie ein Konferenzzentrum\",\"breadcrumb\":{\"@id\":\"https:\\\/\\\/www.villatoscane.ch\\\/de\\\/dienste\\\/#breadcrumb\"},\"inLanguage\":\"de-DE\",\"potentialAction\":[{\"@type\":\"ReadAction\",\"target\":[\"https:\\\/\\\/www.villatoscane.ch\\\/de\\\/dienste\\\/\"]}]},{\"@type\":\"BreadcrumbList\",\"@id\":\"https:\\\/\\\/www.villatoscane.ch\\\/de\\\/dienste\\\/#breadcrumb\",\"itemListElement\":[{\"@type\":\"ListItem\",\"position\":1,\"name\":\"Home\",\"item\":\"https:\\\/\\\/www.villatoscane.ch\\\/de\\\/\"},{\"@type\":\"ListItem\",\"position\":2,\"name\":\"Dienste\"}]},{\"@type\":\"WebSite\",\"@id\":\"https:\\\/\\\/www.villatoscane.ch\\\/de\\\/#website\",\"url\":\"https:\\\/\\\/www.villatoscane.ch\\\/de\\\/\",\"name\":\"Villa Toscane\",\"description\":\"\",\"potentialAction\":[{\"@type\":\"SearchAction\",\"target\":{\"@type\":\"EntryPoint\",\"urlTemplate\":\"https:\\\/\\\/www.villatoscane.ch\\\/de\\\/?s={search_term_string}\"},\"query-input\":{\"@type\":\"PropertyValueSpecification\",\"valueRequired\":true,\"valueName\":\"search_term_string\"}}],\"inLanguage\":\"de-DE\"}]}<\/script>\n<!-- \/ Yoast SEO plugin. -->","yoast_head_json":{"title":"Dienste - Villa Toscane","description":"Die im Jugendstil erbaute Villa Toscane befindet sich direkt gegen\u00fcber dem Royal Plaza Montreux. Unsere G\u00e4ste k\u00f6nnen alle Serviceleistungen dieses 5-Sterne-Hotels in Anspruch nehmen, darunter ein Restaurant, 2 Bars, ein Spa, eine Tiefgarage mit 130 Stellpl\u00e4tzen sowie ein Konferenzzentrum","robots":{"index":"index","follow":"follow","max-snippet":"max-snippet:-1","max-image-preview":"max-image-preview:large","max-video-preview":"max-video-preview:-1"},"canonical":"https:\/\/www.villatoscane.ch\/de\/dienste\/","og_locale":"de_DE","og_type":"article","og_title":"Dienste - Villa Toscane","og_description":"Die im Jugendstil erbaute Villa Toscane befindet sich direkt gegen\u00fcber dem Royal Plaza Montreux. Unsere G\u00e4ste k\u00f6nnen alle Serviceleistungen dieses 5-Sterne-Hotels in Anspruch nehmen, darunter ein Restaurant, 2 Bars, ein Spa, eine Tiefgarage mit 130 Stellpl\u00e4tzen sowie ein Konferenzzentrum","og_url":"https:\/\/www.villatoscane.ch\/de\/dienste\/","og_site_name":"Villa Toscane","article_modified_time":"2025-10-17T08:06:06+00:00","twitter_card":"summary_large_image","twitter_misc":{"Gesch\u00e4tzte Lesezeit":"1 Minute"},"schema":{"@context":"https:\/\/schema.org","@graph":[{"@type":"WebPage","@id":"https:\/\/www.villatoscane.ch\/de\/dienste\/","url":"https:\/\/www.villatoscane.ch\/de\/dienste\/","name":"Dienste - Villa Toscane","isPartOf":{"@id":"https:\/\/www.villatoscane.ch\/de\/#website"},"datePublished":"2025-08-13T14:20:03+00:00","dateModified":"2025-10-17T08:06:06+00:00","description":"Die im Jugendstil erbaute Villa Toscane befindet sich direkt gegen\u00fcber dem Royal Plaza Montreux. Unsere G\u00e4ste k\u00f6nnen alle Serviceleistungen dieses 5-Sterne-Hotels in Anspruch nehmen, darunter ein Restaurant, 2 Bars, ein Spa, eine Tiefgarage mit 130 Stellpl\u00e4tzen sowie ein Konferenzzentrum","breadcrumb":{"@id":"https:\/\/www.villatoscane.ch\/de\/dienste\/#breadcrumb"},"inLanguage":"de-DE","potentialAction":[{"@type":"ReadAction","target":["https:\/\/www.villatoscane.ch\/de\/dienste\/"]}]},{"@type":"BreadcrumbList","@id":"https:\/\/www.villatoscane.ch\/de\/dienste\/#breadcrumb","itemListElement":[{"@type":"ListItem","position":1,"name":"Home","item":"https:\/\/www.villatoscane.ch\/de\/"},{"@type":"ListItem","position":2,"name":"Dienste"}]},{"@type":"WebSite","@id":"https:\/\/www.villatoscane.ch\/de\/#website","url":"https:\/\/www.villatoscane.ch\/de\/","name":"Villa Toscane","description":"","potentialAction":[{"@type":"SearchAction","target":{"@type":"EntryPoint","urlTemplate":"https:\/\/www.villatoscane.ch\/de\/?s={search_term_string}"},"query-input":{"@type":"PropertyValueSpecification","valueRequired":true,"valueName":"search_term_string"}}],"inLanguage":"de-DE"}]}},"acf":[],"_links":{"self":[{"href":"https:\/\/www.villatoscane.ch\/de\/wp-json\/wp\/v2\/pages\/292","targetHints":{"allow":["GET"]}}],"collection":[{"href":"https:\/\/www.villatoscane.ch\/de\/wp-json\/wp\/v2\/pages"}],"about":[{"href":"https:\/\/www.villatoscane.ch\/de\/wp-json\/wp\/v2\/types\/page"}],"author":[{"embeddable":true,"href":"https:\/\/www.villatoscane.ch\/de\/wp-json\/wp\/v2\/users\/124"}],"replies":[{"embeddable":true,"href":"https:\/\/www.villatoscane.ch\/de\/wp-json\/wp\/v2\/comments?post=292"}],"version-history":[{"count":0,"href":"https:\/\/www.villatoscane.ch\/de\/wp-json\/wp\/v2\/pages\/292\/revisions"}],"wp:attachment":[{"href":"https:\/\/www.villatoscane.ch\/de\/wp-json\/wp\/v2\/media?parent=292"}],"curies":[{"name":"wp","href":"https:\/\/api.w.org\/{rel}","templated":true}]}}