{"id":307,"date":"2024-11-25T14:40:43","date_gmt":"2024-11-25T14:40:43","guid":{"rendered":"https:\/\/villa-toscane.ms2.decms.eu\/sample-page\/"},"modified":"2025-10-02T15:04:04","modified_gmt":"2025-10-02T15:04:04","slug":"sample-page","status":"publish","type":"page","link":"https:\/\/www.villatoscane.ch\/de\/","title":{"rendered":"Villa Toscane"},"content":{"rendered":"<p style=\"text-align: justify;\">Die Villa Toscane, ein 3-Sterne-Hotel im Jugendstil im Montreux, verf\u00fcgt \u00fcber 42 mit kostenlosem WLAN ausgestattete Zimmer. Direkt gegen\u00fcber dem <a href=\"http:\/\/www.royalplaza.ch\/de\/\" target=\"_blank\" rel=\"noopener noreferrer\"><strong>Royal Plaza Montreux<\/strong><\/a>\u00a0profitiert es von dessen gesamten 5-Sterne-Einrichtungen, darunter ein Restaurant, 2 Bars, ein Spa, eine Tiefgarage sowie ein Konferenzzentrum.<br \/>\nDiese Zusammenarbeit erm\u00f6glicht es, ein Maximum an M\u00f6glichkeiten zur Verf\u00fcgung stellen zu k\u00f6nnen, um die W\u00fcnsche und Bed\u00fcrfnisse von Urlaubs- und Gesch\u00e4ftsreisenden zu erf\u00fcllen.<\/p>\n<p style=\"text-align: justify;\">Historisch betrachtet wurden im Jahr 1905 von dem schweizer Architekten Louis Villard (1856-1937) zwei nahezu symmetrische Villen, die Toscane und die Pauline, erbaut. Mit dem Bau von etwa 35 Miet-, Gesch\u00e4fts- und Hotelgeb\u00e4uden spielte er eine entscheidende Rolle in der touristischen Entwicklung von Montreux und seiner Umgebung. Im Jahr 1989 wurden umfangreiche Arbeiten durchgef\u00fchrt, um die beiden Villen in ein Hotel umzuwandeln und gleichzeitig eine verglaste Passage zu schaffen, die die Terrassen des ersten Stocks verbindet. Nach einer Renovierung im Jahr 2012 hat das Geb\u00e4ude dank seiner mediterranen Architektur, seiner floralen Glasmalereien, seiner S\u00e4ulen und seiner hellen R\u00e4ume, die vielf\u00e4ltige Zug\u00e4nge nach drau\u00dfen bieten, seinen urspr\u00fcnglichen Charme bewahrt.<\/p>\n<p>&nbsp;<\/p>\n<p style=\"text-align: justify;\">Machen Sie sich mit wichtigen Informationen vertraut, die den Komfort Ihres Aufenthalts in Montreux beeintr\u00e4chtigen k\u00f6nnten: Sonderveranstaltungen wie der Montreux Jazz, Wartungs- oder Renovierungsarbeiten, Gesundheitssituation, &#8230; Weitere Informationen finden Sie auf der Seite<a href=\"https:\/\/www.villatoscane.ch\/de\/nachrichten-2\/\"><strong> Nachrichten<\/strong><\/a>.<\/p>\n<p>Wir freuen uns darauf, Sie bald begr\u00fc\u00dfen zu d\u00fcrfen!<\/p>\n","protected":false},"excerpt":{"rendered":"<p>Die Villa Toscane, ein 3-Sterne-Hotel im Jugendstil im Montreux, verf\u00fcgt \u00fcber 42 mit kostenlosem WLAN ausgestattete Zimmer. Direkt gegen\u00fcber dem Royal Plaza Montreux\u00a0profitiert es von dessen gesamten 5-Sterne-Einrichtungen, darunter ein Restaurant, 2 Bars, ein Spa, eine Tiefgarage sowie ein Konferenzzentrum. Diese Zusammenarbeit erm\u00f6glicht es, ein Maximum an M\u00f6glichkeiten zur Verf\u00fcgung stellen zu k\u00f6nnen, um die [&hellip;]<\/p>\n","protected":false},"author":27,"featured_media":0,"parent":0,"menu_order":0,"comment_status":"closed","ping_status":"closed","template":"","meta":{"footnotes":""},"yoast_head":"<!-- This site is optimized with the Yoast SEO plugin v22.3 - https:\/\/yoast.com\/wordpress\/plugins\/seo\/ -->\n<title>Villa Toscane - Villa Toscane<\/title>\n<meta name=\"description\" content=\"Die Villa Toscane, ein 3-Sterne-Hotel im Jugendstil im Montreux, verf\u00fcgt \u00fcber 42 mit kostenlosem WLAN ausgestattete Zimmer. Direkt gegen\u00fcber dem Royal Plaza Montreux\u00a0profitiert es von dessen gesamten 5-Sterne-Einrichtungen, darunter ein Restaurant, 2 Bars, ein Spa, eine Tiefgarage sowie ein Konferenzzentrum. Diese Zusammenarbeit erm\u00f6glicht es, ein Maximum an M\u00f6glichkeiten zur Verf\u00fcgung stellen zu k\u00f6nnen, um die W\u00fcnsche und Bed\u00fcrfnisse von Urlaubs- und Gesch\u00e4ftsreisenden zu erf\u00fcllen. Historisch betrachtet wurden im Jahr 1905 von dem schweizer Architekten Louis Villard (1856-1937) zwei nahezu symmetrische Villen, die Toscane und die Pauline, erbaut\" \/>\n<meta name=\"robots\" content=\"index, follow, max-snippet:-1, max-image-preview:large, max-video-preview:-1\" \/>\n<link rel=\"canonical\" href=\"https:\/\/www.villatoscane.ch\/de\/\" \/>\n<meta property=\"og:locale\" content=\"de_DE\" \/>\n<meta property=\"og:type\" content=\"article\" \/>\n<meta property=\"og:title\" content=\"Villa Toscane - Villa Toscane\" \/>\n<meta property=\"og:description\" content=\"Die Villa Toscane, ein 3-Sterne-Hotel im Jugendstil im Montreux, verf\u00fcgt \u00fcber 42 mit kostenlosem WLAN ausgestattete Zimmer. Direkt gegen\u00fcber dem Royal Plaza Montreux\u00a0profitiert es von dessen gesamten 5-Sterne-Einrichtungen, darunter ein Restaurant, 2 Bars, ein Spa, eine Tiefgarage sowie ein Konferenzzentrum. Diese Zusammenarbeit erm\u00f6glicht es, ein Maximum an M\u00f6glichkeiten zur Verf\u00fcgung stellen zu k\u00f6nnen, um die W\u00fcnsche und Bed\u00fcrfnisse von Urlaubs- und Gesch\u00e4ftsreisenden zu erf\u00fcllen. Historisch betrachtet wurden im Jahr 1905 von dem schweizer Architekten Louis Villard (1856-1937) zwei nahezu symmetrische Villen, die Toscane und die Pauline, erbaut\" \/>\n<meta property=\"og:url\" content=\"https:\/\/www.villatoscane.ch\/de\/\" \/>\n<meta property=\"og:site_name\" content=\"Villa Toscane\" \/>\n<meta property=\"article:modified_time\" content=\"2025-10-02T15:04:04+00:00\" \/>\n<meta name=\"twitter:card\" content=\"summary_large_image\" \/>\n<meta name=\"twitter:label1\" content=\"Gesch\u00e4tzte Lesezeit\" \/>\n\t<meta name=\"twitter:data1\" content=\"1 Minute\" \/>\n<script type=\"application\/ld+json\" class=\"yoast-schema-graph\">{\"@context\":\"https:\/\/schema.org\",\"@graph\":[{\"@type\":\"WebPage\",\"@id\":\"https:\/\/www.villatoscane.ch\/de\/\",\"url\":\"https:\/\/www.villatoscane.ch\/de\/\",\"name\":\"Villa Toscane - Villa Toscane\",\"isPartOf\":{\"@id\":\"https:\/\/www.villatoscane.ch\/de\/#website\"},\"datePublished\":\"2024-11-25T14:40:43+00:00\",\"dateModified\":\"2025-10-02T15:04:04+00:00\",\"description\":\"Die Villa Toscane, ein 3-Sterne-Hotel im Jugendstil im Montreux, verf\u00fcgt \u00fcber 42 mit kostenlosem WLAN ausgestattete Zimmer. Direkt gegen\u00fcber dem Royal Plaza Montreux\u00a0profitiert es von dessen gesamten 5-Sterne-Einrichtungen, darunter ein Restaurant, 2 Bars, ein Spa, eine Tiefgarage sowie ein Konferenzzentrum. Diese Zusammenarbeit erm\u00f6glicht es, ein Maximum an M\u00f6glichkeiten zur Verf\u00fcgung stellen zu k\u00f6nnen, um die W\u00fcnsche und Bed\u00fcrfnisse von Urlaubs- und Gesch\u00e4ftsreisenden zu erf\u00fcllen. Historisch betrachtet wurden im Jahr 1905 von dem schweizer Architekten Louis Villard (1856-1937) zwei nahezu symmetrische Villen, die Toscane und die Pauline, erbaut\",\"breadcrumb\":{\"@id\":\"https:\/\/www.villatoscane.ch\/de\/#breadcrumb\"},\"inLanguage\":\"de-DE\",\"potentialAction\":[{\"@type\":\"ReadAction\",\"target\":[\"https:\/\/www.villatoscane.ch\/de\/\"]}]},{\"@type\":\"BreadcrumbList\",\"@id\":\"https:\/\/www.villatoscane.ch\/de\/#breadcrumb\",\"itemListElement\":[{\"@type\":\"ListItem\",\"position\":1,\"name\":\"Home\",\"item\":\"https:\/\/www.villatoscane.ch\/de\/\"},{\"@type\":\"ListItem\",\"position\":2,\"name\":\"Villa Toscane\"}]},{\"@type\":\"WebSite\",\"@id\":\"https:\/\/www.villatoscane.ch\/de\/#website\",\"url\":\"https:\/\/www.villatoscane.ch\/de\/\",\"name\":\"Villa Toscane\",\"description\":\"\",\"potentialAction\":[{\"@type\":\"SearchAction\",\"target\":{\"@type\":\"EntryPoint\",\"urlTemplate\":\"https:\/\/www.villatoscane.ch\/de\/?s={search_term_string}\"},\"query-input\":\"required name=search_term_string\"}],\"inLanguage\":\"de-DE\"}]}<\/script>\n<!-- \/ Yoast SEO plugin. -->","yoast_head_json":{"title":"Villa Toscane - Villa Toscane","description":"Die Villa Toscane, ein 3-Sterne-Hotel im Jugendstil im Montreux, verf\u00fcgt \u00fcber 42 mit kostenlosem WLAN ausgestattete Zimmer. Direkt gegen\u00fcber dem Royal Plaza Montreux\u00a0profitiert es von dessen gesamten 5-Sterne-Einrichtungen, darunter ein Restaurant, 2 Bars, ein Spa, eine Tiefgarage sowie ein Konferenzzentrum. Diese Zusammenarbeit erm\u00f6glicht es, ein Maximum an M\u00f6glichkeiten zur Verf\u00fcgung stellen zu k\u00f6nnen, um die W\u00fcnsche und Bed\u00fcrfnisse von Urlaubs- und Gesch\u00e4ftsreisenden zu erf\u00fcllen. Historisch betrachtet wurden im Jahr 1905 von dem schweizer Architekten Louis Villard (1856-1937) zwei nahezu symmetrische Villen, die Toscane und die Pauline, erbaut","robots":{"index":"index","follow":"follow","max-snippet":"max-snippet:-1","max-image-preview":"max-image-preview:large","max-video-preview":"max-video-preview:-1"},"canonical":"https:\/\/www.villatoscane.ch\/de\/","og_locale":"de_DE","og_type":"article","og_title":"Villa Toscane - Villa Toscane","og_description":"Die Villa Toscane, ein 3-Sterne-Hotel im Jugendstil im Montreux, verf\u00fcgt \u00fcber 42 mit kostenlosem WLAN ausgestattete Zimmer. Direkt gegen\u00fcber dem Royal Plaza Montreux\u00a0profitiert es von dessen gesamten 5-Sterne-Einrichtungen, darunter ein Restaurant, 2 Bars, ein Spa, eine Tiefgarage sowie ein Konferenzzentrum. Diese Zusammenarbeit erm\u00f6glicht es, ein Maximum an M\u00f6glichkeiten zur Verf\u00fcgung stellen zu k\u00f6nnen, um die W\u00fcnsche und Bed\u00fcrfnisse von Urlaubs- und Gesch\u00e4ftsreisenden zu erf\u00fcllen. Historisch betrachtet wurden im Jahr 1905 von dem schweizer Architekten Louis Villard (1856-1937) zwei nahezu symmetrische Villen, die Toscane und die Pauline, erbaut","og_url":"https:\/\/www.villatoscane.ch\/de\/","og_site_name":"Villa Toscane","article_modified_time":"2025-10-02T15:04:04+00:00","twitter_card":"summary_large_image","twitter_misc":{"Gesch\u00e4tzte Lesezeit":"1 Minute"},"schema":{"@context":"https:\/\/schema.org","@graph":[{"@type":"WebPage","@id":"https:\/\/www.villatoscane.ch\/de\/","url":"https:\/\/www.villatoscane.ch\/de\/","name":"Villa Toscane - Villa Toscane","isPartOf":{"@id":"https:\/\/www.villatoscane.ch\/de\/#website"},"datePublished":"2024-11-25T14:40:43+00:00","dateModified":"2025-10-02T15:04:04+00:00","description":"Die Villa Toscane, ein 3-Sterne-Hotel im Jugendstil im Montreux, verf\u00fcgt \u00fcber 42 mit kostenlosem WLAN ausgestattete Zimmer. Direkt gegen\u00fcber dem Royal Plaza Montreux\u00a0profitiert es von dessen gesamten 5-Sterne-Einrichtungen, darunter ein Restaurant, 2 Bars, ein Spa, eine Tiefgarage sowie ein Konferenzzentrum. Diese Zusammenarbeit erm\u00f6glicht es, ein Maximum an M\u00f6glichkeiten zur Verf\u00fcgung stellen zu k\u00f6nnen, um die W\u00fcnsche und Bed\u00fcrfnisse von Urlaubs- und Gesch\u00e4ftsreisenden zu erf\u00fcllen. Historisch betrachtet wurden im Jahr 1905 von dem schweizer Architekten Louis Villard (1856-1937) zwei nahezu symmetrische Villen, die Toscane und die Pauline, erbaut","breadcrumb":{"@id":"https:\/\/www.villatoscane.ch\/de\/#breadcrumb"},"inLanguage":"de-DE","potentialAction":[{"@type":"ReadAction","target":["https:\/\/www.villatoscane.ch\/de\/"]}]},{"@type":"BreadcrumbList","@id":"https:\/\/www.villatoscane.ch\/de\/#breadcrumb","itemListElement":[{"@type":"ListItem","position":1,"name":"Home","item":"https:\/\/www.villatoscane.ch\/de\/"},{"@type":"ListItem","position":2,"name":"Villa Toscane"}]},{"@type":"WebSite","@id":"https:\/\/www.villatoscane.ch\/de\/#website","url":"https:\/\/www.villatoscane.ch\/de\/","name":"Villa Toscane","description":"","potentialAction":[{"@type":"SearchAction","target":{"@type":"EntryPoint","urlTemplate":"https:\/\/www.villatoscane.ch\/de\/?s={search_term_string}"},"query-input":"required name=search_term_string"}],"inLanguage":"de-DE"}]}},"acf":[],"_links":{"self":[{"href":"https:\/\/www.villatoscane.ch\/de\/wp-json\/wp\/v2\/pages\/307"}],"collection":[{"href":"https:\/\/www.villatoscane.ch\/de\/wp-json\/wp\/v2\/pages"}],"about":[{"href":"https:\/\/www.villatoscane.ch\/de\/wp-json\/wp\/v2\/types\/page"}],"author":[{"embeddable":true,"href":"https:\/\/www.villatoscane.ch\/de\/wp-json\/wp\/v2\/users\/27"}],"replies":[{"embeddable":true,"href":"https:\/\/www.villatoscane.ch\/de\/wp-json\/wp\/v2\/comments?post=307"}],"version-history":[{"count":0,"href":"https:\/\/www.villatoscane.ch\/de\/wp-json\/wp\/v2\/pages\/307\/revisions"}],"wp:attachment":[{"href":"https:\/\/www.villatoscane.ch\/de\/wp-json\/wp\/v2\/media?parent=307"}],"curies":[{"name":"wp","href":"https:\/\/api.w.org\/{rel}","templated":true}]}}