{"id":309,"date":"2025-07-01T13:57:50","date_gmt":"2025-07-01T13:57:50","guid":{"rendered":"https:\/\/villa-toscane.ms2.decms.eu\/chambres\/"},"modified":"2025-10-02T15:07:48","modified_gmt":"2025-10-02T15:07:48","slug":"zimmer","status":"publish","type":"page","link":"https:\/\/www.villatoscane.ch\/de\/zimmer\/","title":{"rendered":"Zimmer"},"content":{"rendered":"<p style=\"text-align: justify;\">Die <strong>Villa Toscane <\/strong>verf\u00fcgt \u00fcber <strong>42 <\/strong>in hellen T\u00f6nen gehaltene &amp; modern eingerichtete <strong>Zimmer<\/strong>. In diesem architektonisch sch\u00f6nen Jugendstilgeb\u00e4ude verspr\u00fcht jedes Zimmer seinen eigenen Charme mit individuellen Besonderheiten. Zierleisten, dekorierte Decken &amp; Marmorkamine\u2026 in der Villa Toscane f\u00fchlen Sie sich in eine andere Epoche versetzt.<\/p>\n<p style=\"text-align: justify;\">S\u00e4mtliche Zimmer verf\u00fcgen \u00fcber denselben Komfort &amp; unterscheiden sich lediglich in der Gr\u00f6\u00dfe. Es gibt Zimmer f\u00fcr Alleinreisende, Paare &amp; Familien von 3 bis 5 Personen. Alle sind ausgestattet mit privatem Bad mit Dusche oder Badewanne, Haarf\u00f6hn &amp; Willkommensprodukten, Schreibtisch mit Minik\u00fchlschrank f\u00fcr Ihren pers\u00f6nlichen Gebrauch, Flachbildfernseher, Telefon, Safe &amp; kostenloser WLAN-Verbindung. Nutzen Sie f\u00fcr einen perfekten Aufenthalt an der Riviera auch die gemeinsamen Terrassen in den oberen Etagen des Geb\u00e4udes, die sich in der N\u00e4he der Zimmer 314 &amp; 441 befinden. Wir bitten Sie, die Ruhe dieser Orte zu respektieren und keinen M\u00fcll zu hinterlassen. Ein Aufzug ist vorhanden, aber bitte beachten Sie, dass die Zimmer auf der obersten Etage des Ostfl\u00fcgels (314-317) nur \u00fcber die Treppe erreichbar sind.<\/p>\n","protected":false},"excerpt":{"rendered":"<p>Die Villa Toscane verf\u00fcgt \u00fcber 42 in hellen T\u00f6nen gehaltene &amp; modern eingerichtete Zimmer. In diesem architektonisch sch\u00f6nen Jugendstilgeb\u00e4ude verspr\u00fcht jedes Zimmer seinen eigenen Charme mit individuellen Besonderheiten. Zierleisten, dekorierte Decken &amp; Marmorkamine\u2026 in der Villa Toscane f\u00fchlen Sie sich in eine andere Epoche versetzt. S\u00e4mtliche Zimmer verf\u00fcgen \u00fcber denselben Komfort &amp; unterscheiden sich lediglich [&hellip;]<\/p>\n","protected":false},"author":124,"featured_media":0,"parent":0,"menu_order":10,"comment_status":"closed","ping_status":"closed","template":"template-rooms.php","meta":{"footnotes":""},"class_list":["post-309","page","type-page","status-publish","hentry"],"yoast_head":"<!-- This site is optimized with the Yoast SEO plugin v27.3 - https:\/\/yoast.com\/product\/yoast-seo-wordpress\/ -->\n<title>Zimmer - Villa Toscane<\/title>\n<meta name=\"description\" content=\"Die Villa Toscane verf\u00fcgt \u00fcber 42 in hellen T\u00f6nen gehaltene &amp; modern eingerichtete Zimmer. In diesem architektonisch sch\u00f6nen Jugendstilgeb\u00e4ude verspr\u00fcht jedes Zimmer seinen eigenen Charme mit individuellen Besonderheiten\" \/>\n<meta name=\"robots\" content=\"index, follow, max-snippet:-1, max-image-preview:large, max-video-preview:-1\" \/>\n<link rel=\"canonical\" href=\"https:\/\/www.villatoscane.ch\/de\/zimmer\/\" \/>\n<meta property=\"og:locale\" content=\"de_DE\" \/>\n<meta property=\"og:type\" content=\"article\" \/>\n<meta property=\"og:title\" content=\"Zimmer - Villa Toscane\" \/>\n<meta property=\"og:description\" content=\"Die Villa Toscane verf\u00fcgt \u00fcber 42 in hellen T\u00f6nen gehaltene &amp; modern eingerichtete Zimmer. In diesem architektonisch sch\u00f6nen Jugendstilgeb\u00e4ude verspr\u00fcht jedes Zimmer seinen eigenen Charme mit individuellen Besonderheiten\" \/>\n<meta property=\"og:url\" content=\"https:\/\/www.villatoscane.ch\/de\/zimmer\/\" \/>\n<meta property=\"og:site_name\" content=\"Villa Toscane\" \/>\n<meta property=\"article:modified_time\" content=\"2025-10-02T15:07:48+00:00\" \/>\n<meta name=\"twitter:card\" content=\"summary_large_image\" \/>\n<meta name=\"twitter:label1\" content=\"Gesch\u00e4tzte Lesezeit\" \/>\n\t<meta name=\"twitter:data1\" content=\"1 Minute\" \/>\n<script type=\"application\/ld+json\" class=\"yoast-schema-graph\">{\"@context\":\"https:\\\/\\\/schema.org\",\"@graph\":[{\"@type\":\"WebPage\",\"@id\":\"https:\\\/\\\/www.villatoscane.ch\\\/de\\\/zimmer\\\/\",\"url\":\"https:\\\/\\\/www.villatoscane.ch\\\/de\\\/zimmer\\\/\",\"name\":\"Zimmer - Villa Toscane\",\"isPartOf\":{\"@id\":\"https:\\\/\\\/www.villatoscane.ch\\\/de\\\/#website\"},\"datePublished\":\"2025-07-01T13:57:50+00:00\",\"dateModified\":\"2025-10-02T15:07:48+00:00\",\"description\":\"Die Villa Toscane verf\u00fcgt \u00fcber 42 in hellen T\u00f6nen gehaltene &amp; modern eingerichtete Zimmer. In diesem architektonisch sch\u00f6nen Jugendstilgeb\u00e4ude verspr\u00fcht jedes Zimmer seinen eigenen Charme mit individuellen Besonderheiten\",\"breadcrumb\":{\"@id\":\"https:\\\/\\\/www.villatoscane.ch\\\/de\\\/zimmer\\\/#breadcrumb\"},\"inLanguage\":\"de-DE\",\"potentialAction\":[{\"@type\":\"ReadAction\",\"target\":[\"https:\\\/\\\/www.villatoscane.ch\\\/de\\\/zimmer\\\/\"]}]},{\"@type\":\"BreadcrumbList\",\"@id\":\"https:\\\/\\\/www.villatoscane.ch\\\/de\\\/zimmer\\\/#breadcrumb\",\"itemListElement\":[{\"@type\":\"ListItem\",\"position\":1,\"name\":\"Home\",\"item\":\"https:\\\/\\\/www.villatoscane.ch\\\/de\\\/\"},{\"@type\":\"ListItem\",\"position\":2,\"name\":\"Zimmer\"}]},{\"@type\":\"WebSite\",\"@id\":\"https:\\\/\\\/www.villatoscane.ch\\\/de\\\/#website\",\"url\":\"https:\\\/\\\/www.villatoscane.ch\\\/de\\\/\",\"name\":\"Villa Toscane\",\"description\":\"\",\"potentialAction\":[{\"@type\":\"SearchAction\",\"target\":{\"@type\":\"EntryPoint\",\"urlTemplate\":\"https:\\\/\\\/www.villatoscane.ch\\\/de\\\/?s={search_term_string}\"},\"query-input\":{\"@type\":\"PropertyValueSpecification\",\"valueRequired\":true,\"valueName\":\"search_term_string\"}}],\"inLanguage\":\"de-DE\"}]}<\/script>\n<!-- \/ Yoast SEO plugin. -->","yoast_head_json":{"title":"Zimmer - Villa Toscane","description":"Die Villa Toscane verf\u00fcgt \u00fcber 42 in hellen T\u00f6nen gehaltene &amp; modern eingerichtete Zimmer. In diesem architektonisch sch\u00f6nen Jugendstilgeb\u00e4ude verspr\u00fcht jedes Zimmer seinen eigenen Charme mit individuellen Besonderheiten","robots":{"index":"index","follow":"follow","max-snippet":"max-snippet:-1","max-image-preview":"max-image-preview:large","max-video-preview":"max-video-preview:-1"},"canonical":"https:\/\/www.villatoscane.ch\/de\/zimmer\/","og_locale":"de_DE","og_type":"article","og_title":"Zimmer - Villa Toscane","og_description":"Die Villa Toscane verf\u00fcgt \u00fcber 42 in hellen T\u00f6nen gehaltene &amp; modern eingerichtete Zimmer. In diesem architektonisch sch\u00f6nen Jugendstilgeb\u00e4ude verspr\u00fcht jedes Zimmer seinen eigenen Charme mit individuellen Besonderheiten","og_url":"https:\/\/www.villatoscane.ch\/de\/zimmer\/","og_site_name":"Villa Toscane","article_modified_time":"2025-10-02T15:07:48+00:00","twitter_card":"summary_large_image","twitter_misc":{"Gesch\u00e4tzte Lesezeit":"1 Minute"},"schema":{"@context":"https:\/\/schema.org","@graph":[{"@type":"WebPage","@id":"https:\/\/www.villatoscane.ch\/de\/zimmer\/","url":"https:\/\/www.villatoscane.ch\/de\/zimmer\/","name":"Zimmer - Villa Toscane","isPartOf":{"@id":"https:\/\/www.villatoscane.ch\/de\/#website"},"datePublished":"2025-07-01T13:57:50+00:00","dateModified":"2025-10-02T15:07:48+00:00","description":"Die Villa Toscane verf\u00fcgt \u00fcber 42 in hellen T\u00f6nen gehaltene &amp; modern eingerichtete Zimmer. In diesem architektonisch sch\u00f6nen Jugendstilgeb\u00e4ude verspr\u00fcht jedes Zimmer seinen eigenen Charme mit individuellen Besonderheiten","breadcrumb":{"@id":"https:\/\/www.villatoscane.ch\/de\/zimmer\/#breadcrumb"},"inLanguage":"de-DE","potentialAction":[{"@type":"ReadAction","target":["https:\/\/www.villatoscane.ch\/de\/zimmer\/"]}]},{"@type":"BreadcrumbList","@id":"https:\/\/www.villatoscane.ch\/de\/zimmer\/#breadcrumb","itemListElement":[{"@type":"ListItem","position":1,"name":"Home","item":"https:\/\/www.villatoscane.ch\/de\/"},{"@type":"ListItem","position":2,"name":"Zimmer"}]},{"@type":"WebSite","@id":"https:\/\/www.villatoscane.ch\/de\/#website","url":"https:\/\/www.villatoscane.ch\/de\/","name":"Villa Toscane","description":"","potentialAction":[{"@type":"SearchAction","target":{"@type":"EntryPoint","urlTemplate":"https:\/\/www.villatoscane.ch\/de\/?s={search_term_string}"},"query-input":{"@type":"PropertyValueSpecification","valueRequired":true,"valueName":"search_term_string"}}],"inLanguage":"de-DE"}]}},"acf":[],"_links":{"self":[{"href":"https:\/\/www.villatoscane.ch\/de\/wp-json\/wp\/v2\/pages\/309","targetHints":{"allow":["GET"]}}],"collection":[{"href":"https:\/\/www.villatoscane.ch\/de\/wp-json\/wp\/v2\/pages"}],"about":[{"href":"https:\/\/www.villatoscane.ch\/de\/wp-json\/wp\/v2\/types\/page"}],"author":[{"embeddable":true,"href":"https:\/\/www.villatoscane.ch\/de\/wp-json\/wp\/v2\/users\/124"}],"replies":[{"embeddable":true,"href":"https:\/\/www.villatoscane.ch\/de\/wp-json\/wp\/v2\/comments?post=309"}],"version-history":[{"count":0,"href":"https:\/\/www.villatoscane.ch\/de\/wp-json\/wp\/v2\/pages\/309\/revisions"}],"wp:attachment":[{"href":"https:\/\/www.villatoscane.ch\/de\/wp-json\/wp\/v2\/media?parent=309"}],"curies":[{"name":"wp","href":"https:\/\/api.w.org\/{rel}","templated":true}]}}