{"id":342,"date":"2025-07-04T14:49:20","date_gmt":"2025-07-04T14:49:20","guid":{"rendered":"https:\/\/villa-toscane.ms2.decms.eu\/restaurants-bars\/sinatras-bar\/"},"modified":"2026-04-10T09:53:27","modified_gmt":"2026-04-10T09:53:27","slug":"sinatras-bar","status":"publish","type":"page","link":"https:\/\/www.villatoscane.ch\/de\/restaurants-bars\/sinatras-bar\/","title":{"rendered":"Sinatra&#8217;s Bar"},"content":{"rendered":"<p style=\"text-align: justify\">Die an das Caf\u00e9 Bellagio angrenzende Bar Sinatra\u2019s bietet Ihnen neben einer umfangreichen Getr\u00e4nkekarte eine Bar-Speisekarte, die kulinarischen Gen\u00fcsse auf ideale Weise variiert. Lassen Sie sich in ruhiger &amp; entspannter Atmosph\u00e4re von einigen Gro\u00dfen Klassikern verf\u00fchren: Vorspeisenteller zum Teilen, Hamburger du Chef, Rindertartar, Caesar Salat &amp; vielen anderen K\u00f6stlichkeiten! Nehmen Sie im Sommer Platz auf der Lounge-Seite der schattigen Terrasse &amp; nehmen Sie sich die Zeit f\u00fcr die Erfrischung, auf die Sie gerade Lust haben. Ob ein Cocktail des Hauses, ein Fruchtsaft, ein Glas Champagner oder ein Glas Wein, unser Team bietet Ihnen das Beste aus unserer Auswahl.<\/p>\n<p style=\"text-align: justify\">Sinatra\u2019s Summer Bar ist in den Monaten Juli und August t\u00e4glich von 11 bis 19 Uhr ge\u00f6ffnet! Nutzen Sie beim Sonnenbaden unsere Pop-up-Bar, um ein erfrischendes Getr\u00e4nk zu schl\u00fcrfen. Sonnenliegen &amp; H\u00e4ngematte erwarten Sie auf unserer Sommerterrasse mit einem au\u00dfergew\u00f6hnlichen Panorama.<\/p>\n","protected":false},"excerpt":{"rendered":"<p>Die an das Caf\u00e9 Bellagio angrenzende Bar Sinatra\u2019s bietet Ihnen neben einer umfangreichen Getr\u00e4nkekarte eine Bar-Speisekarte, die kulinarischen Gen\u00fcsse auf ideale Weise variiert. Lassen Sie sich in ruhiger &amp; entspannter Atmosph\u00e4re von einigen Gro\u00dfen Klassikern verf\u00fchren: Vorspeisenteller zum Teilen, Hamburger du Chef, Rindertartar, Caesar Salat &amp; vielen anderen K\u00f6stlichkeiten! Nehmen Sie im Sommer Platz auf [&hellip;]<\/p>\n","protected":false},"author":124,"featured_media":0,"parent":334,"menu_order":0,"comment_status":"closed","ping_status":"closed","template":"template-single-restaurant.php","meta":{"footnotes":""},"class_list":["post-342","page","type-page","status-publish","hentry"],"yoast_head":"<!-- This site is optimized with the Yoast SEO plugin v27.3 - https:\/\/yoast.com\/product\/yoast-seo-wordpress\/ -->\n<title>Sinatra&#039;s Bar - Villa Toscane<\/title>\n<meta name=\"description\" content=\"Die an das Caf\u00e9 Bellagio angrenzende Bar Sinatra\u2019s bietet Ihnen neben einer umfangreichen Getr\u00e4nkekarte eine Bar-Speisekarte, die kulinarischen Gen\u00fcsse auf ideale Weise variiert. Lassen Sie sich in ruhiger &amp; entspannter Atmosph\u00e4re von einigen Gro\u00dfen Klassikern verf\u00fchren: Vorspeisenteller zum Teilen, Hamburger du Chef, Rindertartar, Caesar Salat &amp; vielen anderen K\u00f6stlichkeiten! Nehmen Sie im Sommer Platz auf der Lounge-Seite der schattigen Terrasse &amp; nehmen Sie sich die Zeit f\u00fcr die Erfrischung, auf die Sie gerade Lust haben\" \/>\n<meta name=\"robots\" content=\"index, follow, max-snippet:-1, max-image-preview:large, max-video-preview:-1\" \/>\n<link rel=\"canonical\" href=\"https:\/\/www.villatoscane.ch\/de\/restaurants-bars\/sinatras-bar\/\" \/>\n<meta property=\"og:locale\" content=\"de_DE\" \/>\n<meta property=\"og:type\" content=\"article\" \/>\n<meta property=\"og:title\" content=\"Sinatra&#039;s Bar - Villa Toscane\" \/>\n<meta property=\"og:description\" content=\"Die an das Caf\u00e9 Bellagio angrenzende Bar Sinatra\u2019s bietet Ihnen neben einer umfangreichen Getr\u00e4nkekarte eine Bar-Speisekarte, die kulinarischen Gen\u00fcsse auf ideale Weise variiert. Lassen Sie sich in ruhiger &amp; entspannter Atmosph\u00e4re von einigen Gro\u00dfen Klassikern verf\u00fchren: Vorspeisenteller zum Teilen, Hamburger du Chef, Rindertartar, Caesar Salat &amp; vielen anderen K\u00f6stlichkeiten! Nehmen Sie im Sommer Platz auf der Lounge-Seite der schattigen Terrasse &amp; nehmen Sie sich die Zeit f\u00fcr die Erfrischung, auf die Sie gerade Lust haben\" \/>\n<meta property=\"og:url\" content=\"https:\/\/www.villatoscane.ch\/de\/restaurants-bars\/sinatras-bar\/\" \/>\n<meta property=\"og:site_name\" content=\"Villa Toscane\" \/>\n<meta property=\"article:modified_time\" content=\"2026-04-10T09:53:27+00:00\" \/>\n<meta name=\"twitter:card\" content=\"summary_large_image\" \/>\n<meta name=\"twitter:label1\" content=\"Gesch\u00e4tzte Lesezeit\" \/>\n\t<meta name=\"twitter:data1\" content=\"1 Minute\" \/>\n<script type=\"application\/ld+json\" class=\"yoast-schema-graph\">{\"@context\":\"https:\\\/\\\/schema.org\",\"@graph\":[{\"@type\":\"WebPage\",\"@id\":\"https:\\\/\\\/www.villatoscane.ch\\\/de\\\/restaurants-bars\\\/sinatras-bar\\\/\",\"url\":\"https:\\\/\\\/www.villatoscane.ch\\\/de\\\/restaurants-bars\\\/sinatras-bar\\\/\",\"name\":\"Sinatra's Bar - Villa Toscane\",\"isPartOf\":{\"@id\":\"https:\\\/\\\/www.villatoscane.ch\\\/de\\\/#website\"},\"datePublished\":\"2025-07-04T14:49:20+00:00\",\"dateModified\":\"2026-04-10T09:53:27+00:00\",\"description\":\"Die an das Caf\u00e9 Bellagio angrenzende Bar Sinatra\u2019s bietet Ihnen neben einer umfangreichen Getr\u00e4nkekarte eine Bar-Speisekarte, die kulinarischen Gen\u00fcsse auf ideale Weise variiert. Lassen Sie sich in ruhiger &amp; entspannter Atmosph\u00e4re von einigen Gro\u00dfen Klassikern verf\u00fchren: Vorspeisenteller zum Teilen, Hamburger du Chef, Rindertartar, Caesar Salat &amp; vielen anderen K\u00f6stlichkeiten! Nehmen Sie im Sommer Platz auf der Lounge-Seite der schattigen Terrasse &amp; nehmen Sie sich die Zeit f\u00fcr die Erfrischung, auf die Sie gerade Lust haben\",\"breadcrumb\":{\"@id\":\"https:\\\/\\\/www.villatoscane.ch\\\/de\\\/restaurants-bars\\\/sinatras-bar\\\/#breadcrumb\"},\"inLanguage\":\"de-DE\",\"potentialAction\":[{\"@type\":\"ReadAction\",\"target\":[\"https:\\\/\\\/www.villatoscane.ch\\\/de\\\/restaurants-bars\\\/sinatras-bar\\\/\"]}]},{\"@type\":\"BreadcrumbList\",\"@id\":\"https:\\\/\\\/www.villatoscane.ch\\\/de\\\/restaurants-bars\\\/sinatras-bar\\\/#breadcrumb\",\"itemListElement\":[{\"@type\":\"ListItem\",\"position\":1,\"name\":\"Home\",\"item\":\"https:\\\/\\\/www.villatoscane.ch\\\/de\\\/\"},{\"@type\":\"ListItem\",\"position\":2,\"name\":\"Restaurants &amp; Bars\",\"item\":\"https:\\\/\\\/www.villatoscane.ch\\\/de\\\/restaurants-bars\\\/\"},{\"@type\":\"ListItem\",\"position\":3,\"name\":\"Sinatra&rsquo;s Bar\"}]},{\"@type\":\"WebSite\",\"@id\":\"https:\\\/\\\/www.villatoscane.ch\\\/de\\\/#website\",\"url\":\"https:\\\/\\\/www.villatoscane.ch\\\/de\\\/\",\"name\":\"Villa Toscane\",\"description\":\"\",\"potentialAction\":[{\"@type\":\"SearchAction\",\"target\":{\"@type\":\"EntryPoint\",\"urlTemplate\":\"https:\\\/\\\/www.villatoscane.ch\\\/de\\\/?s={search_term_string}\"},\"query-input\":{\"@type\":\"PropertyValueSpecification\",\"valueRequired\":true,\"valueName\":\"search_term_string\"}}],\"inLanguage\":\"de-DE\"}]}<\/script>\n<!-- \/ Yoast SEO plugin. -->","yoast_head_json":{"title":"Sinatra's Bar - Villa Toscane","description":"Die an das Caf\u00e9 Bellagio angrenzende Bar Sinatra\u2019s bietet Ihnen neben einer umfangreichen Getr\u00e4nkekarte eine Bar-Speisekarte, die kulinarischen Gen\u00fcsse auf ideale Weise variiert. Lassen Sie sich in ruhiger &amp; entspannter Atmosph\u00e4re von einigen Gro\u00dfen Klassikern verf\u00fchren: Vorspeisenteller zum Teilen, Hamburger du Chef, Rindertartar, Caesar Salat &amp; vielen anderen K\u00f6stlichkeiten! Nehmen Sie im Sommer Platz auf der Lounge-Seite der schattigen Terrasse &amp; nehmen Sie sich die Zeit f\u00fcr die Erfrischung, auf die Sie gerade Lust haben","robots":{"index":"index","follow":"follow","max-snippet":"max-snippet:-1","max-image-preview":"max-image-preview:large","max-video-preview":"max-video-preview:-1"},"canonical":"https:\/\/www.villatoscane.ch\/de\/restaurants-bars\/sinatras-bar\/","og_locale":"de_DE","og_type":"article","og_title":"Sinatra's Bar - Villa Toscane","og_description":"Die an das Caf\u00e9 Bellagio angrenzende Bar Sinatra\u2019s bietet Ihnen neben einer umfangreichen Getr\u00e4nkekarte eine Bar-Speisekarte, die kulinarischen Gen\u00fcsse auf ideale Weise variiert. Lassen Sie sich in ruhiger &amp; entspannter Atmosph\u00e4re von einigen Gro\u00dfen Klassikern verf\u00fchren: Vorspeisenteller zum Teilen, Hamburger du Chef, Rindertartar, Caesar Salat &amp; vielen anderen K\u00f6stlichkeiten! Nehmen Sie im Sommer Platz auf der Lounge-Seite der schattigen Terrasse &amp; nehmen Sie sich die Zeit f\u00fcr die Erfrischung, auf die Sie gerade Lust haben","og_url":"https:\/\/www.villatoscane.ch\/de\/restaurants-bars\/sinatras-bar\/","og_site_name":"Villa Toscane","article_modified_time":"2026-04-10T09:53:27+00:00","twitter_card":"summary_large_image","twitter_misc":{"Gesch\u00e4tzte Lesezeit":"1 Minute"},"schema":{"@context":"https:\/\/schema.org","@graph":[{"@type":"WebPage","@id":"https:\/\/www.villatoscane.ch\/de\/restaurants-bars\/sinatras-bar\/","url":"https:\/\/www.villatoscane.ch\/de\/restaurants-bars\/sinatras-bar\/","name":"Sinatra's Bar - Villa Toscane","isPartOf":{"@id":"https:\/\/www.villatoscane.ch\/de\/#website"},"datePublished":"2025-07-04T14:49:20+00:00","dateModified":"2026-04-10T09:53:27+00:00","description":"Die an das Caf\u00e9 Bellagio angrenzende Bar Sinatra\u2019s bietet Ihnen neben einer umfangreichen Getr\u00e4nkekarte eine Bar-Speisekarte, die kulinarischen Gen\u00fcsse auf ideale Weise variiert. Lassen Sie sich in ruhiger &amp; entspannter Atmosph\u00e4re von einigen Gro\u00dfen Klassikern verf\u00fchren: Vorspeisenteller zum Teilen, Hamburger du Chef, Rindertartar, Caesar Salat &amp; vielen anderen K\u00f6stlichkeiten! Nehmen Sie im Sommer Platz auf der Lounge-Seite der schattigen Terrasse &amp; nehmen Sie sich die Zeit f\u00fcr die Erfrischung, auf die Sie gerade Lust haben","breadcrumb":{"@id":"https:\/\/www.villatoscane.ch\/de\/restaurants-bars\/sinatras-bar\/#breadcrumb"},"inLanguage":"de-DE","potentialAction":[{"@type":"ReadAction","target":["https:\/\/www.villatoscane.ch\/de\/restaurants-bars\/sinatras-bar\/"]}]},{"@type":"BreadcrumbList","@id":"https:\/\/www.villatoscane.ch\/de\/restaurants-bars\/sinatras-bar\/#breadcrumb","itemListElement":[{"@type":"ListItem","position":1,"name":"Home","item":"https:\/\/www.villatoscane.ch\/de\/"},{"@type":"ListItem","position":2,"name":"Restaurants &amp; Bars","item":"https:\/\/www.villatoscane.ch\/de\/restaurants-bars\/"},{"@type":"ListItem","position":3,"name":"Sinatra&rsquo;s Bar"}]},{"@type":"WebSite","@id":"https:\/\/www.villatoscane.ch\/de\/#website","url":"https:\/\/www.villatoscane.ch\/de\/","name":"Villa Toscane","description":"","potentialAction":[{"@type":"SearchAction","target":{"@type":"EntryPoint","urlTemplate":"https:\/\/www.villatoscane.ch\/de\/?s={search_term_string}"},"query-input":{"@type":"PropertyValueSpecification","valueRequired":true,"valueName":"search_term_string"}}],"inLanguage":"de-DE"}]}},"acf":[],"_links":{"self":[{"href":"https:\/\/www.villatoscane.ch\/de\/wp-json\/wp\/v2\/pages\/342","targetHints":{"allow":["GET"]}}],"collection":[{"href":"https:\/\/www.villatoscane.ch\/de\/wp-json\/wp\/v2\/pages"}],"about":[{"href":"https:\/\/www.villatoscane.ch\/de\/wp-json\/wp\/v2\/types\/page"}],"author":[{"embeddable":true,"href":"https:\/\/www.villatoscane.ch\/de\/wp-json\/wp\/v2\/users\/124"}],"replies":[{"embeddable":true,"href":"https:\/\/www.villatoscane.ch\/de\/wp-json\/wp\/v2\/comments?post=342"}],"version-history":[{"count":0,"href":"https:\/\/www.villatoscane.ch\/de\/wp-json\/wp\/v2\/pages\/342\/revisions"}],"up":[{"embeddable":true,"href":"https:\/\/www.villatoscane.ch\/de\/wp-json\/wp\/v2\/pages\/334"}],"wp:attachment":[{"href":"https:\/\/www.villatoscane.ch\/de\/wp-json\/wp\/v2\/media?parent=342"}],"curies":[{"name":"wp","href":"https:\/\/api.w.org\/{rel}","templated":true}]}}