{"id":350,"date":"2025-07-22T12:47:01","date_gmt":"2025-07-22T12:47:01","guid":{"rendered":"https:\/\/villa-toscane.ms2.decms.eu\/conferences-banquets\/"},"modified":"2025-10-06T15:13:08","modified_gmt":"2025-10-06T15:13:08","slug":"conferences-banquets","status":"publish","type":"page","link":"https:\/\/www.villatoscane.ch\/de\/conferences-banquets\/","title":{"rendered":"Konferenzen &amp; Bankette"},"content":{"rendered":"<p style=\"text-align: justify;\">Die Villa Toscane profitiert von allen Einrichtungen des <strong><a href=\"http:\/\/www.royalplaza.ch\/de\/\" target=\"_blank\" rel=\"noopener noreferrer\">Royal Plaza Montreux<\/a><\/strong>, einem nur wenige Schritte entfernten 5-Sterne-Hotel.<\/p>\n<p style=\"text-align: justify;\">Das Royal Plaza Montreux verf\u00fcgt \u00fcber ein eigenes Konferenzzentrum in der N\u00e4he der Uferstrassen &amp; des Kongresszentrums von Montreux (2M2C). Ein idealer Ort f\u00fcr Ihre Veranstaltungen, ob f\u00fcr ein Seminar, ein Bankett oder eine Hochzeit: eine gro\u00dfe Angebotsvielfalt steht Ihnen zur Auswahl.<\/p>\n<p><strong>Eventabteilung<br \/>\nTelefon:<\/strong>\u00a0+41 21 962 50 08\u00a0|\u00a0<strong>E-Mail:<\/strong>\u00a0<a href=\"mailto:events@royalplaza.ch\" target=\"_blank\" rel=\"noopener noreferrer\">events@royalplaza.ch<\/a><\/p>\n","protected":false},"excerpt":{"rendered":"<p>Die Villa Toscane profitiert von allen Einrichtungen des Royal Plaza Montreux, einem nur wenige Schritte entfernten 5-Sterne-Hotel. Das Royal Plaza Montreux verf\u00fcgt \u00fcber ein eigenes Konferenzzentrum in der N\u00e4he der Uferstrassen &amp; des Kongresszentrums von Montreux (2M2C). Ein idealer Ort f\u00fcr Ihre Veranstaltungen, ob f\u00fcr ein Seminar, ein Bankett oder eine Hochzeit: eine gro\u00dfe Angebotsvielfalt [&hellip;]<\/p>\n","protected":false},"author":124,"featured_media":0,"parent":0,"menu_order":70,"comment_status":"closed","ping_status":"closed","template":"template-meeting.php","meta":{"footnotes":""},"class_list":["post-350","page","type-page","status-publish","hentry"],"yoast_head":"<!-- This site is optimized with the Yoast SEO plugin v27.3 - https:\/\/yoast.com\/product\/yoast-seo-wordpress\/ -->\n<title>Konferenzen &amp; Bankette - Villa Toscane<\/title>\n<meta name=\"description\" content=\"Die Villa Toscane profitiert von allen Einrichtungen des Royal Plaza Montreux, einem nur wenige Schritte entfernten 5-Sterne-Hotel.  Das Royal Plaza Montreux verf\u00fcgt \u00fcber ein eigenes Konferenzzentrum in der N\u00e4he der Uferstrassen &amp; des Kongresszentrums von Montreux (2M2C). Ein idealer Ort f\u00fcr Ihre Veranstaltungen, ob f\u00fcr ein Seminar, ein Bankett oder eine Hochzeit: eine gro\u00dfe Angebotsvielfalt steht Ihnen zur Auswahl.  Eventabteilung Telefon:\u00a0+41 21 962 50 08\u00a0|\u00a0E-Mail:\u00a0events@royalplaza.ch\" \/>\n<meta name=\"robots\" content=\"index, follow, max-snippet:-1, max-image-preview:large, max-video-preview:-1\" \/>\n<link rel=\"canonical\" href=\"https:\/\/www.villatoscane.ch\/de\/conferences-banquets\/\" \/>\n<meta property=\"og:locale\" content=\"de_DE\" \/>\n<meta property=\"og:type\" content=\"article\" \/>\n<meta property=\"og:title\" content=\"Konferenzen &amp; Bankette - Villa Toscane\" \/>\n<meta property=\"og:description\" content=\"Die Villa Toscane profitiert von allen Einrichtungen des Royal Plaza Montreux, einem nur wenige Schritte entfernten 5-Sterne-Hotel.  Das Royal Plaza Montreux verf\u00fcgt \u00fcber ein eigenes Konferenzzentrum in der N\u00e4he der Uferstrassen &amp; des Kongresszentrums von Montreux (2M2C). Ein idealer Ort f\u00fcr Ihre Veranstaltungen, ob f\u00fcr ein Seminar, ein Bankett oder eine Hochzeit: eine gro\u00dfe Angebotsvielfalt steht Ihnen zur Auswahl.  Eventabteilung Telefon:\u00a0+41 21 962 50 08\u00a0|\u00a0E-Mail:\u00a0events@royalplaza.ch\" \/>\n<meta property=\"og:url\" content=\"https:\/\/www.villatoscane.ch\/de\/conferences-banquets\/\" \/>\n<meta property=\"og:site_name\" content=\"Villa Toscane\" \/>\n<meta property=\"article:modified_time\" content=\"2025-10-06T15:13:08+00:00\" \/>\n<meta name=\"twitter:card\" content=\"summary_large_image\" \/>\n<meta name=\"twitter:label1\" content=\"Gesch\u00e4tzte Lesezeit\" \/>\n\t<meta name=\"twitter:data1\" content=\"1 Minute\" \/>\n<script type=\"application\/ld+json\" class=\"yoast-schema-graph\">{\"@context\":\"https:\\\/\\\/schema.org\",\"@graph\":[{\"@type\":\"WebPage\",\"@id\":\"https:\\\/\\\/www.villatoscane.ch\\\/de\\\/conferences-banquets\\\/\",\"url\":\"https:\\\/\\\/www.villatoscane.ch\\\/de\\\/conferences-banquets\\\/\",\"name\":\"Konferenzen &amp; Bankette - Villa Toscane\",\"isPartOf\":{\"@id\":\"https:\\\/\\\/www.villatoscane.ch\\\/de\\\/#website\"},\"datePublished\":\"2025-07-22T12:47:01+00:00\",\"dateModified\":\"2025-10-06T15:13:08+00:00\",\"description\":\"Die Villa Toscane profitiert von allen Einrichtungen des Royal Plaza Montreux, einem nur wenige Schritte entfernten 5-Sterne-Hotel. Das Royal Plaza Montreux verf\u00fcgt \u00fcber ein eigenes Konferenzzentrum in der N\u00e4he der Uferstrassen &amp; des Kongresszentrums von Montreux (2M2C). Ein idealer Ort f\u00fcr Ihre Veranstaltungen, ob f\u00fcr ein Seminar, ein Bankett oder eine Hochzeit: eine gro\u00dfe Angebotsvielfalt steht Ihnen zur Auswahl. Eventabteilung Telefon:\u00a0+41 21 962 50 08\u00a0|\u00a0E-Mail:\u00a0events@royalplaza.ch\",\"breadcrumb\":{\"@id\":\"https:\\\/\\\/www.villatoscane.ch\\\/de\\\/conferences-banquets\\\/#breadcrumb\"},\"inLanguage\":\"de-DE\",\"potentialAction\":[{\"@type\":\"ReadAction\",\"target\":[\"https:\\\/\\\/www.villatoscane.ch\\\/de\\\/conferences-banquets\\\/\"]}]},{\"@type\":\"BreadcrumbList\",\"@id\":\"https:\\\/\\\/www.villatoscane.ch\\\/de\\\/conferences-banquets\\\/#breadcrumb\",\"itemListElement\":[{\"@type\":\"ListItem\",\"position\":1,\"name\":\"Home\",\"item\":\"https:\\\/\\\/www.villatoscane.ch\\\/de\\\/\"},{\"@type\":\"ListItem\",\"position\":2,\"name\":\"Konferenzen &amp; Bankette\"}]},{\"@type\":\"WebSite\",\"@id\":\"https:\\\/\\\/www.villatoscane.ch\\\/de\\\/#website\",\"url\":\"https:\\\/\\\/www.villatoscane.ch\\\/de\\\/\",\"name\":\"Villa Toscane\",\"description\":\"\",\"potentialAction\":[{\"@type\":\"SearchAction\",\"target\":{\"@type\":\"EntryPoint\",\"urlTemplate\":\"https:\\\/\\\/www.villatoscane.ch\\\/de\\\/?s={search_term_string}\"},\"query-input\":{\"@type\":\"PropertyValueSpecification\",\"valueRequired\":true,\"valueName\":\"search_term_string\"}}],\"inLanguage\":\"de-DE\"}]}<\/script>\n<!-- \/ Yoast SEO plugin. -->","yoast_head_json":{"title":"Konferenzen &amp; Bankette - Villa Toscane","description":"Die Villa Toscane profitiert von allen Einrichtungen des Royal Plaza Montreux, einem nur wenige Schritte entfernten 5-Sterne-Hotel.  Das Royal Plaza Montreux verf\u00fcgt \u00fcber ein eigenes Konferenzzentrum in der N\u00e4he der Uferstrassen &amp; des Kongresszentrums von Montreux (2M2C). Ein idealer Ort f\u00fcr Ihre Veranstaltungen, ob f\u00fcr ein Seminar, ein Bankett oder eine Hochzeit: eine gro\u00dfe Angebotsvielfalt steht Ihnen zur Auswahl.  Eventabteilung Telefon:\u00a0+41 21 962 50 08\u00a0|\u00a0E-Mail:\u00a0events@royalplaza.ch","robots":{"index":"index","follow":"follow","max-snippet":"max-snippet:-1","max-image-preview":"max-image-preview:large","max-video-preview":"max-video-preview:-1"},"canonical":"https:\/\/www.villatoscane.ch\/de\/conferences-banquets\/","og_locale":"de_DE","og_type":"article","og_title":"Konferenzen &amp; Bankette - Villa Toscane","og_description":"Die Villa Toscane profitiert von allen Einrichtungen des Royal Plaza Montreux, einem nur wenige Schritte entfernten 5-Sterne-Hotel.  Das Royal Plaza Montreux verf\u00fcgt \u00fcber ein eigenes Konferenzzentrum in der N\u00e4he der Uferstrassen &amp; des Kongresszentrums von Montreux (2M2C). Ein idealer Ort f\u00fcr Ihre Veranstaltungen, ob f\u00fcr ein Seminar, ein Bankett oder eine Hochzeit: eine gro\u00dfe Angebotsvielfalt steht Ihnen zur Auswahl.  Eventabteilung Telefon:\u00a0+41 21 962 50 08\u00a0|\u00a0E-Mail:\u00a0events@royalplaza.ch","og_url":"https:\/\/www.villatoscane.ch\/de\/conferences-banquets\/","og_site_name":"Villa Toscane","article_modified_time":"2025-10-06T15:13:08+00:00","twitter_card":"summary_large_image","twitter_misc":{"Gesch\u00e4tzte Lesezeit":"1 Minute"},"schema":{"@context":"https:\/\/schema.org","@graph":[{"@type":"WebPage","@id":"https:\/\/www.villatoscane.ch\/de\/conferences-banquets\/","url":"https:\/\/www.villatoscane.ch\/de\/conferences-banquets\/","name":"Konferenzen &amp; Bankette - Villa Toscane","isPartOf":{"@id":"https:\/\/www.villatoscane.ch\/de\/#website"},"datePublished":"2025-07-22T12:47:01+00:00","dateModified":"2025-10-06T15:13:08+00:00","description":"Die Villa Toscane profitiert von allen Einrichtungen des Royal Plaza Montreux, einem nur wenige Schritte entfernten 5-Sterne-Hotel. Das Royal Plaza Montreux verf\u00fcgt \u00fcber ein eigenes Konferenzzentrum in der N\u00e4he der Uferstrassen &amp; des Kongresszentrums von Montreux (2M2C). Ein idealer Ort f\u00fcr Ihre Veranstaltungen, ob f\u00fcr ein Seminar, ein Bankett oder eine Hochzeit: eine gro\u00dfe Angebotsvielfalt steht Ihnen zur Auswahl. Eventabteilung Telefon:\u00a0+41 21 962 50 08\u00a0|\u00a0E-Mail:\u00a0events@royalplaza.ch","breadcrumb":{"@id":"https:\/\/www.villatoscane.ch\/de\/conferences-banquets\/#breadcrumb"},"inLanguage":"de-DE","potentialAction":[{"@type":"ReadAction","target":["https:\/\/www.villatoscane.ch\/de\/conferences-banquets\/"]}]},{"@type":"BreadcrumbList","@id":"https:\/\/www.villatoscane.ch\/de\/conferences-banquets\/#breadcrumb","itemListElement":[{"@type":"ListItem","position":1,"name":"Home","item":"https:\/\/www.villatoscane.ch\/de\/"},{"@type":"ListItem","position":2,"name":"Konferenzen &amp; Bankette"}]},{"@type":"WebSite","@id":"https:\/\/www.villatoscane.ch\/de\/#website","url":"https:\/\/www.villatoscane.ch\/de\/","name":"Villa Toscane","description":"","potentialAction":[{"@type":"SearchAction","target":{"@type":"EntryPoint","urlTemplate":"https:\/\/www.villatoscane.ch\/de\/?s={search_term_string}"},"query-input":{"@type":"PropertyValueSpecification","valueRequired":true,"valueName":"search_term_string"}}],"inLanguage":"de-DE"}]}},"acf":[],"_links":{"self":[{"href":"https:\/\/www.villatoscane.ch\/de\/wp-json\/wp\/v2\/pages\/350","targetHints":{"allow":["GET"]}}],"collection":[{"href":"https:\/\/www.villatoscane.ch\/de\/wp-json\/wp\/v2\/pages"}],"about":[{"href":"https:\/\/www.villatoscane.ch\/de\/wp-json\/wp\/v2\/types\/page"}],"author":[{"embeddable":true,"href":"https:\/\/www.villatoscane.ch\/de\/wp-json\/wp\/v2\/users\/124"}],"replies":[{"embeddable":true,"href":"https:\/\/www.villatoscane.ch\/de\/wp-json\/wp\/v2\/comments?post=350"}],"version-history":[{"count":0,"href":"https:\/\/www.villatoscane.ch\/de\/wp-json\/wp\/v2\/pages\/350\/revisions"}],"wp:attachment":[{"href":"https:\/\/www.villatoscane.ch\/de\/wp-json\/wp\/v2\/media?parent=350"}],"curies":[{"name":"wp","href":"https:\/\/api.w.org\/{rel}","templated":true}]}}